{"id":13,"date":"2018-07-20T11:04:14","date_gmt":"2018-07-20T09:04:14","guid":{"rendered":"http:\/\/rqh.be\/?page_id=13"},"modified":"2023-08-16T17:46:14","modified_gmt":"2023-08-16T15:46:14","slug":"nettoyage-et-menage","status":"publish","type":"page","link":"https:\/\/rqh.be\/index.php\/nettoyage-et-menage\/","title":{"rendered":"Nettoyage et m\u00e9nage"},"content":{"rendered":"\t\t<div data-elementor-type=\"wp-post\" data-elementor-id=\"13\" class=\"elementor elementor-13\">\n\t\t\t\t\t\t<section class=\"elementor-section elementor-top-section elementor-element elementor-element-3f02a529 elementor-section-boxed elementor-section-height-default elementor-section-height-default\" data-id=\"3f02a529\" data-element_type=\"section\">\n\t\t\t\t\t\t<div class=\"elementor-container elementor-column-gap-default\">\n\t\t\t\t\t<div class=\"elementor-column elementor-col-66 elementor-top-column elementor-element elementor-element-6cbff713\" data-id=\"6cbff713\" data-element_type=\"column\">\n\t\t\t<div class=\"elementor-widget-wrap elementor-element-populated\">\n\t\t\t\t\t\t<div class=\"elementor-element elementor-element-56a9a32a elementor-widget elementor-widget-text-editor\" data-id=\"56a9a32a\" data-element_type=\"widget\" data-widget_type=\"text-editor.default\">\n\t\t\t\t<div class=\"elementor-widget-container\">\n\t\t\t\t\t\t\t\t\t<p>Plusieurs chantiers permettent de se familiariser avec l\u2019entretien de m\u00e9nages, le nettoyage apr\u00e8s chantier, le nettoyage de surfaces de bureau. Dans une moindre mesure, des activit\u00e9s de repassage, de couture et de cuisine sont propos\u00e9es.<\/p><h3><strong><em>QUI\u00a0?<\/em><\/strong><\/h3><p>Tout habitant de Herstal et de ses environs ayant plus de 18 ans et \u00e9tant inscrit comme demandeur d\u2019emploi aupr\u00e8s du Forem.<\/p><h3><strong><em>COMMENT\u00a0?<\/em><\/strong><\/h3><ul><li><strong>Formation pratique <u>d\u20191 an maximum<\/u><\/strong> dans le cadre d\u2019un contrat FOREM<\/li><li>2\u20ac brut de l\u2019heure en plus de vos revenus actuels.<\/li><li>Remboursement des frais de d\u00e9placement et de garderie.<\/li><li><strong>Apprentissage pratique sur des chantiers vari\u00e9s et d\u2019int\u00e9r\u00eat public<\/strong> (\u00e9coles, commun d\u2019immeubles, logements sociaux, voieries, parcs et jardins communaux, etc.).<\/li><li>Activit\u00e9s culturelles et socialisantes.<\/li><li>Une remise \u00e0 niveau en fran\u00e7ais et en math\u00e9matiques.<\/li><li><strong>Un suivi personnalis\u00e9<\/strong> dans\u00a0vos d\u00e9marches administratives et sociales, votre recherche d\u2019emploi et\/ou de formations qualifiantes.<\/li><\/ul><h3><strong>\u00a0<\/strong><strong><em>QUAND\u00a0?<\/em><\/strong><\/h3><p>Tout au long de l\u2019ann\u00e9e.<\/p><h3><strong>COMMENT S\u2019INSCRIRE\u00a0?<\/strong><\/h3><p>En appelant le 04\/248.00.28 ou le 04\/240.19.67 pour s\u2019inscrire aux <strong>s\u00e9ances d\u2019information<\/strong> organis\u00e9es\u00a0:<\/p><ul><li>Le 3<sup>\u00e8me<\/sup> mercredi du mois\u00a0\u00e0 9h00 pour les formations m\u00e9tiers<\/li><li>Le 1<sup>er<\/sup> mercredi du mois \u00e0 9h00 pour la formation en Fran\u00e7ais langue \u00e9trang\u00e8re<\/li><\/ul>\t\t\t\t\t\t\t\t<\/div>\n\t\t\t\t<\/div>\n\t\t\t\t\t<\/div>\n\t\t<\/div>\n\t\t\t\t<div class=\"elementor-column elementor-col-33 elementor-top-column elementor-element elementor-element-3236bcf\" data-id=\"3236bcf\" data-element_type=\"column\">\n\t\t\t<div class=\"elementor-widget-wrap elementor-element-populated\">\n\t\t\t\t\t\t<div class=\"elementor-element elementor-element-4effdedb elementor-hidden-tablet elementor-hidden-phone menu_formation elementor-widget elementor-widget-wp-widget-nav_menu\" data-id=\"4effdedb\" data-element_type=\"widget\" data-widget_type=\"wp-widget-nav_menu.default\">\n\t\t\t\t<div class=\"elementor-widget-container\">\n\t\t\t\t\t<h5>Nos formations<\/h5><div class=\"menu-formations-container\"><ul id=\"menu-formations\" class=\"menu\"><li id=\"menu-item-194\" class=\"menu-item menu-item-type-post_type menu-item-object-page menu-item-194\"><a href=\"https:\/\/rqh.be\/index.php\/francais-langue-etrangere\/\">Fran\u00e7ais Langue \u00e9trang\u00e8re<\/a><\/li>\n<li id=\"menu-item-195\" class=\"menu-item menu-item-type-post_type menu-item-object-page menu-item-195\"><a href=\"https:\/\/rqh.be\/index.php\/ouvrier-polyvalent\/\">Entretien d&rsquo;Espaces Verts et Mara\u00eechage<\/a><\/li>\n<li id=\"menu-item-196\" class=\"menu-item menu-item-type-post_type menu-item-object-page menu-item-196\"><a href=\"https:\/\/rqh.be\/index.php\/nettoyage-et-menage\/\">Nettoyage et m\u00e9nage<\/a><\/li>\n<li id=\"menu-item-197\" class=\"menu-item menu-item-type-post_type menu-item-object-page menu-item-197\"><a href=\"https:\/\/rqh.be\/index.php\/batiment\/\">B\u00e2timent<\/a><\/li>\n<\/ul><\/div>\t\t\t\t<\/div>\n\t\t\t\t<\/div>\n\t\t\t\t\t<\/div>\n\t\t<\/div>\n\t\t\t\t\t<\/div>\n\t\t<\/section>\n\t\t\t\t<section class=\"elementor-section elementor-top-section elementor-element elementor-element-6844bd6 elementor-section-stretched elementor-section-full_width elementor-section-height-default elementor-section-height-default\" data-id=\"6844bd6\" data-element_type=\"section\" data-settings=\"{&quot;stretch_section&quot;:&quot;section-stretched&quot;}\">\n\t\t\t\t\t\t<div class=\"elementor-container elementor-column-gap-default\">\n\t\t\t\t\t<div class=\"elementor-column elementor-col-100 elementor-top-column elementor-element elementor-element-4f716fa\" data-id=\"4f716fa\" data-element_type=\"column\">\n\t\t\t<div class=\"elementor-widget-wrap\">\n\t\t\t\t\t\t\t<\/div>\n\t\t<\/div>\n\t\t\t\t\t<\/div>\n\t\t<\/section>\n\t\t\t\t<\/div>\n\t\t","protected":false},"excerpt":{"rendered":"<p>Plusieurs chantiers permettent de se familiariser avec l\u2019entretien de m\u00e9nages, le nettoyage apr\u00e8s chantier, le nettoyage de surfaces de bureau. Dans une moindre mesure, des activit\u00e9s de repassage, de couture et de cuisine sont propos\u00e9es. QUI\u00a0? Tout habitant de Herstal et de ses environs ayant plus de 18 ans et \u00e9tant inscrit comme demandeur d\u2019emploi aupr\u00e8s du Forem. COMMENT\u00a0? Formation pratique d\u20191 an maximum dans le cadre d\u2019un contrat FOREM 2\u20ac brut de l\u2019heure en plus de vos revenus actuels. Remboursement des frais de d\u00e9placement et de garderie. Apprentissage pratique sur des chantiers vari\u00e9s et d\u2019int\u00e9r\u00eat public (\u00e9coles, commun d\u2019immeubles, logements sociaux, voieries, parcs et jardins communaux, etc.). Activit\u00e9s culturelles et socialisantes. Une remise \u00e0 niveau en fran\u00e7ais et en math\u00e9matiques. Un suivi personnalis\u00e9 dans\u00a0vos d\u00e9marches administratives et sociales, votre recherche d\u2019emploi et\/ou de formations qualifiantes. \u00a0QUAND\u00a0? Tout au long de l\u2019ann\u00e9e. COMMENT S\u2019INSCRIRE\u00a0? En appelant le 04\/248.00.28 ou le 04\/240.19.67 pour s\u2019inscrire aux s\u00e9ances d\u2019information organis\u00e9es\u00a0: Le 3\u00e8me mercredi du mois\u00a0\u00e0 9h00 pour les formations m\u00e9tiers Le 1er mercredi du mois \u00e0 9h00 pour la formation en Fran\u00e7ais langue \u00e9trang\u00e8re<\/p>\n","protected":false},"author":1,"featured_media":0,"parent":0,"menu_order":0,"comment_status":"closed","ping_status":"closed","template":"","meta":{"footnotes":""},"class_list":["post-13","page","type-page","status-publish","hentry"],"yoast_head":"<!-- This site is optimized with the Yoast SEO plugin v24.5 - https:\/\/yoast.com\/wordpress\/plugins\/seo\/ -->\n<title>Nettoyage et m\u00e9nage - R\u00e9gie des quartiers de Herstal<\/title>\n<meta name=\"robots\" content=\"index, follow, max-snippet:-1, max-image-preview:large, max-video-preview:-1\" \/>\n<link rel=\"canonical\" href=\"https:\/\/rqh.be\/index.php\/nettoyage-et-menage\/\" \/>\n<meta property=\"og:locale\" content=\"fr_FR\" \/>\n<meta property=\"og:type\" content=\"article\" \/>\n<meta property=\"og:title\" content=\"Nettoyage et m\u00e9nage - R\u00e9gie des quartiers de Herstal\" \/>\n<meta property=\"og:description\" content=\"Plusieurs chantiers permettent de se familiariser avec l\u2019entretien de m\u00e9nages, le nettoyage apr\u00e8s chantier, le nettoyage de surfaces de bureau. Dans une moindre mesure, des activit\u00e9s de repassage, de couture et de cuisine sont propos\u00e9es. QUI\u00a0? Tout habitant de Herstal et de ses environs ayant plus de 18 ans et \u00e9tant inscrit comme demandeur d\u2019emploi aupr\u00e8s du Forem. COMMENT\u00a0? Formation pratique d\u20191 an maximum dans le cadre d\u2019un contrat FOREM 2\u20ac brut de l\u2019heure en plus de vos revenus actuels. Remboursement des frais de d\u00e9placement et de garderie. Apprentissage pratique sur des chantiers vari\u00e9s et d\u2019int\u00e9r\u00eat public (\u00e9coles, commun d\u2019immeubles, logements sociaux, voieries, parcs et jardins communaux, etc.). Activit\u00e9s culturelles et socialisantes. Une remise \u00e0 niveau en fran\u00e7ais et en math\u00e9matiques. Un suivi personnalis\u00e9 dans\u00a0vos d\u00e9marches administratives et sociales, votre recherche d\u2019emploi et\/ou de formations qualifiantes. \u00a0QUAND\u00a0? Tout au long de l\u2019ann\u00e9e. COMMENT S\u2019INSCRIRE\u00a0? En appelant le 04\/248.00.28 ou le 04\/240.19.67 pour s\u2019inscrire aux s\u00e9ances d\u2019information organis\u00e9es\u00a0: Le 3\u00e8me mercredi du mois\u00a0\u00e0 9h00 pour les formations m\u00e9tiers Le 1er mercredi du mois \u00e0 9h00 pour la formation en Fran\u00e7ais langue \u00e9trang\u00e8re\" \/>\n<meta property=\"og:url\" content=\"https:\/\/rqh.be\/index.php\/nettoyage-et-menage\/\" \/>\n<meta property=\"og:site_name\" content=\"R\u00e9gie des quartiers de Herstal\" \/>\n<meta property=\"article:modified_time\" content=\"2023-08-16T15:46:14+00:00\" \/>\n<meta name=\"twitter:card\" content=\"summary_large_image\" \/>\n<meta name=\"twitter:label1\" content=\"Dur\u00e9e de lecture estim\u00e9e\" \/>\n\t<meta name=\"twitter:data1\" content=\"2 minutes\" \/>\n<script type=\"application\/ld+json\" class=\"yoast-schema-graph\">{\"@context\":\"https:\/\/schema.org\",\"@graph\":[{\"@type\":\"WebPage\",\"@id\":\"https:\/\/rqh.be\/index.php\/nettoyage-et-menage\/\",\"url\":\"https:\/\/rqh.be\/index.php\/nettoyage-et-menage\/\",\"name\":\"Nettoyage et m\u00e9nage - R\u00e9gie des quartiers de Herstal\",\"isPartOf\":{\"@id\":\"https:\/\/rqh.be\/#website\"},\"datePublished\":\"2018-07-20T09:04:14+00:00\",\"dateModified\":\"2023-08-16T15:46:14+00:00\",\"breadcrumb\":{\"@id\":\"https:\/\/rqh.be\/index.php\/nettoyage-et-menage\/#breadcrumb\"},\"inLanguage\":\"fr-FR\",\"potentialAction\":[{\"@type\":\"ReadAction\",\"target\":[\"https:\/\/rqh.be\/index.php\/nettoyage-et-menage\/\"]}]},{\"@type\":\"BreadcrumbList\",\"@id\":\"https:\/\/rqh.be\/index.php\/nettoyage-et-menage\/#breadcrumb\",\"itemListElement\":[{\"@type\":\"ListItem\",\"position\":1,\"name\":\"Accueil\",\"item\":\"https:\/\/rqh.be\/\"},{\"@type\":\"ListItem\",\"position\":2,\"name\":\"Nettoyage et m\u00e9nage\"}]},{\"@type\":\"WebSite\",\"@id\":\"https:\/\/rqh.be\/#website\",\"url\":\"https:\/\/rqh.be\/\",\"name\":\"R\u00e9gie des quartiers de Herstal\",\"description\":\"Plus proches de vous\",\"potentialAction\":[{\"@type\":\"SearchAction\",\"target\":{\"@type\":\"EntryPoint\",\"urlTemplate\":\"https:\/\/rqh.be\/?s={search_term_string}\"},\"query-input\":{\"@type\":\"PropertyValueSpecification\",\"valueRequired\":true,\"valueName\":\"search_term_string\"}}],\"inLanguage\":\"fr-FR\"}]}<\/script>\n<!-- \/ Yoast SEO plugin. -->","yoast_head_json":{"title":"Nettoyage et m\u00e9nage - R\u00e9gie des quartiers de Herstal","robots":{"index":"index","follow":"follow","max-snippet":"max-snippet:-1","max-image-preview":"max-image-preview:large","max-video-preview":"max-video-preview:-1"},"canonical":"https:\/\/rqh.be\/index.php\/nettoyage-et-menage\/","og_locale":"fr_FR","og_type":"article","og_title":"Nettoyage et m\u00e9nage - R\u00e9gie des quartiers de Herstal","og_description":"Plusieurs chantiers permettent de se familiariser avec l\u2019entretien de m\u00e9nages, le nettoyage apr\u00e8s chantier, le nettoyage de surfaces de bureau. Dans une moindre mesure, des activit\u00e9s de repassage, de couture et de cuisine sont propos\u00e9es. QUI\u00a0? Tout habitant de Herstal et de ses environs ayant plus de 18 ans et \u00e9tant inscrit comme demandeur d\u2019emploi aupr\u00e8s du Forem. COMMENT\u00a0? Formation pratique d\u20191 an maximum dans le cadre d\u2019un contrat FOREM 2\u20ac brut de l\u2019heure en plus de vos revenus actuels. Remboursement des frais de d\u00e9placement et de garderie. Apprentissage pratique sur des chantiers vari\u00e9s et d\u2019int\u00e9r\u00eat public (\u00e9coles, commun d\u2019immeubles, logements sociaux, voieries, parcs et jardins communaux, etc.). Activit\u00e9s culturelles et socialisantes. Une remise \u00e0 niveau en fran\u00e7ais et en math\u00e9matiques. Un suivi personnalis\u00e9 dans\u00a0vos d\u00e9marches administratives et sociales, votre recherche d\u2019emploi et\/ou de formations qualifiantes. \u00a0QUAND\u00a0? Tout au long de l\u2019ann\u00e9e. COMMENT S\u2019INSCRIRE\u00a0? En appelant le 04\/248.00.28 ou le 04\/240.19.67 pour s\u2019inscrire aux s\u00e9ances d\u2019information organis\u00e9es\u00a0: Le 3\u00e8me mercredi du mois\u00a0\u00e0 9h00 pour les formations m\u00e9tiers Le 1er mercredi du mois \u00e0 9h00 pour la formation en Fran\u00e7ais langue \u00e9trang\u00e8re","og_url":"https:\/\/rqh.be\/index.php\/nettoyage-et-menage\/","og_site_name":"R\u00e9gie des quartiers de Herstal","article_modified_time":"2023-08-16T15:46:14+00:00","twitter_card":"summary_large_image","twitter_misc":{"Dur\u00e9e de lecture estim\u00e9e":"2 minutes"},"schema":{"@context":"https:\/\/schema.org","@graph":[{"@type":"WebPage","@id":"https:\/\/rqh.be\/index.php\/nettoyage-et-menage\/","url":"https:\/\/rqh.be\/index.php\/nettoyage-et-menage\/","name":"Nettoyage et m\u00e9nage - R\u00e9gie des quartiers de Herstal","isPartOf":{"@id":"https:\/\/rqh.be\/#website"},"datePublished":"2018-07-20T09:04:14+00:00","dateModified":"2023-08-16T15:46:14+00:00","breadcrumb":{"@id":"https:\/\/rqh.be\/index.php\/nettoyage-et-menage\/#breadcrumb"},"inLanguage":"fr-FR","potentialAction":[{"@type":"ReadAction","target":["https:\/\/rqh.be\/index.php\/nettoyage-et-menage\/"]}]},{"@type":"BreadcrumbList","@id":"https:\/\/rqh.be\/index.php\/nettoyage-et-menage\/#breadcrumb","itemListElement":[{"@type":"ListItem","position":1,"name":"Accueil","item":"https:\/\/rqh.be\/"},{"@type":"ListItem","position":2,"name":"Nettoyage et m\u00e9nage"}]},{"@type":"WebSite","@id":"https:\/\/rqh.be\/#website","url":"https:\/\/rqh.be\/","name":"R\u00e9gie des quartiers de Herstal","description":"Plus proches de vous","potentialAction":[{"@type":"SearchAction","target":{"@type":"EntryPoint","urlTemplate":"https:\/\/rqh.be\/?s={search_term_string}"},"query-input":{"@type":"PropertyValueSpecification","valueRequired":true,"valueName":"search_term_string"}}],"inLanguage":"fr-FR"}]}},"_links":{"self":[{"href":"https:\/\/rqh.be\/index.php\/wp-json\/wp\/v2\/pages\/13","targetHints":{"allow":["GET"]}}],"collection":[{"href":"https:\/\/rqh.be\/index.php\/wp-json\/wp\/v2\/pages"}],"about":[{"href":"https:\/\/rqh.be\/index.php\/wp-json\/wp\/v2\/types\/page"}],"author":[{"embeddable":true,"href":"https:\/\/rqh.be\/index.php\/wp-json\/wp\/v2\/users\/1"}],"replies":[{"embeddable":true,"href":"https:\/\/rqh.be\/index.php\/wp-json\/wp\/v2\/comments?post=13"}],"version-history":[{"count":11,"href":"https:\/\/rqh.be\/index.php\/wp-json\/wp\/v2\/pages\/13\/revisions"}],"predecessor-version":[{"id":629,"href":"https:\/\/rqh.be\/index.php\/wp-json\/wp\/v2\/pages\/13\/revisions\/629"}],"wp:attachment":[{"href":"https:\/\/rqh.be\/index.php\/wp-json\/wp\/v2\/media?parent=13"}],"curies":[{"name":"wp","href":"https:\/\/api.w.org\/{rel}","templated":true}]}}