{"id":23,"date":"2018-07-20T11:08:54","date_gmt":"2018-07-20T09:08:54","guid":{"rendered":"http:\/\/rqh.be\/?page_id=23"},"modified":"2023-08-16T17:11:33","modified_gmt":"2023-08-16T15:11:33","slug":"atelier-herstal-a-velo-la-mobilite-pas-chere","status":"publish","type":"page","link":"https:\/\/rqh.be\/index.php\/atelier-herstal-a-velo-la-mobilite-pas-chere\/","title":{"rendered":"Atelier Herstal \u00e0 V\u00e9lo : la mobilit\u00e9 pas ch\u00e8re"},"content":{"rendered":"\t\t<div data-elementor-type=\"wp-post\" data-elementor-id=\"23\" class=\"elementor elementor-23\">\n\t\t\t\t\t\t<section class=\"elementor-section elementor-top-section elementor-element elementor-element-34ff1d27 elementor-section-stretched elementor-section-full_width elementor-section-height-default elementor-section-height-default\" data-id=\"34ff1d27\" data-element_type=\"section\" data-settings=\"{&quot;stretch_section&quot;:&quot;section-stretched&quot;}\">\n\t\t\t\t\t\t<div class=\"elementor-container elementor-column-gap-default\">\n\t\t\t\t\t<div class=\"elementor-column elementor-col-100 elementor-top-column elementor-element elementor-element-668eb45d\" data-id=\"668eb45d\" data-element_type=\"column\">\n\t\t\t<div class=\"elementor-widget-wrap\">\n\t\t\t\t\t\t\t<\/div>\n\t\t<\/div>\n\t\t\t\t\t<\/div>\n\t\t<\/section>\n\t\t\t\t<section class=\"elementor-section elementor-top-section elementor-element elementor-element-0a4bc72 elementor-section-boxed elementor-section-height-default elementor-section-height-default\" data-id=\"0a4bc72\" data-element_type=\"section\">\n\t\t\t\t\t\t<div class=\"elementor-container elementor-column-gap-default\">\n\t\t\t\t\t<div class=\"elementor-column elementor-col-66 elementor-top-column elementor-element elementor-element-853c806\" data-id=\"853c806\" data-element_type=\"column\">\n\t\t\t<div class=\"elementor-widget-wrap elementor-element-populated\">\n\t\t\t\t\t\t<div class=\"elementor-element elementor-element-eda4347 elementor-widget elementor-widget-text-editor\" data-id=\"eda4347\" data-element_type=\"widget\" data-widget_type=\"text-editor.default\">\n\t\t\t\t<div class=\"elementor-widget-container\">\n\t\t\t\t\t\t\t\t\t<p>Situ\u00e9 dans le centre de Herstal, aux sous-sols de l\u2019ancien H\u00f4tel de Ville, Place Jean Jaur\u00e8s 1, l\u2019Atelier v\u00e9lo propose au public d\u2019entretenir et de r\u00e9parer son v\u00e9lo pour une somme modique.<\/p><p>Il propose aussi \u00e0 la vente des v\u00e9los d\u2019occasions, reconditionn\u00e9s \u00e0 la demande.<\/p><p>Il offre aussi, occasionnellement, des animations \u00e0 destination d\u2019enfants ou d\u2019adolescents, en s\u2019exportant dans les quartiers.<\/p><p>Ouverture :<strong> jeudi\u00a0apr\u00e8s-midi (12h30 \u00e0 16h30)<\/strong><\/p><p>Pour des dons ou renseignements\u00a0: 04\/240.19.67 ou 0495\/70.34.18<\/p>\t\t\t\t\t\t\t\t<\/div>\n\t\t\t\t<\/div>\n\t\t\t\t\t<\/div>\n\t\t<\/div>\n\t\t\t\t<div class=\"elementor-column elementor-col-33 elementor-top-column elementor-element elementor-element-c55cb91\" data-id=\"c55cb91\" data-element_type=\"column\">\n\t\t\t<div class=\"elementor-widget-wrap elementor-element-populated\">\n\t\t\t\t\t\t<div class=\"elementor-element elementor-element-acca1f4 elementor-widget elementor-widget-wp-widget-nav_menu\" data-id=\"acca1f4\" data-element_type=\"widget\" data-widget_type=\"wp-widget-nav_menu.default\">\n\t\t\t\t<div class=\"elementor-widget-container\">\n\t\t\t\t\t<h5>Projets de quartier<\/h5><div class=\"menu-projets-de-quartier-container\"><ul id=\"menu-projets-de-quartier\" class=\"menu\"><li id=\"menu-item-198\" class=\"menu-item menu-item-type-post_type menu-item-object-page menu-item-198\"><a href=\"https:\/\/rqh.be\/index.php\/les-festivites-de-quartiers\/\">Les festivit\u00e9s de quartiers<\/a><\/li>\n<li id=\"menu-item-199\" class=\"menu-item menu-item-type-post_type menu-item-object-page menu-item-199\"><a href=\"https:\/\/rqh.be\/index.php\/le-petit-marche-bio-et-local\/\">Le petit march\u00e9 bio et local<\/a><\/li>\n<li id=\"menu-item-200\" class=\"menu-item menu-item-type-post_type menu-item-object-page menu-item-200\"><a href=\"https:\/\/rqh.be\/index.php\/les-jardins-de-la-mutualite-de-la-detente-a-linsertion\/\">Les Jardins de la Mutualit\u00e9 : de la d\u00e9tente \u00e0 l\u2019insertion<\/a><\/li>\n<li id=\"menu-item-201\" class=\"menu-item menu-item-type-post_type menu-item-object-page menu-item-201\"><a href=\"https:\/\/rqh.be\/index.php\/location-doutils\/\">Location d\u2019outils<\/a><\/li>\n<li id=\"menu-item-202\" class=\"menu-item menu-item-type-post_type menu-item-object-page menu-item-202\"><a href=\"https:\/\/rqh.be\/index.php\/repair-cafe\/\">Repair caf\u00e9<\/a><\/li>\n<li id=\"menu-item-203\" class=\"menu-item menu-item-type-post_type menu-item-object-page menu-item-203\"><a href=\"https:\/\/rqh.be\/index.php\/ateliers-gestion-durable-de-son-logement-dans-les-maisons-temoins\/\">Ateliers \u00ab Gestion durable de son logement \u00bb dans les maisons t\u00e9moins<\/a><\/li>\n<li id=\"menu-item-204\" class=\"menu-item menu-item-type-post_type menu-item-object-page menu-item-204\"><a href=\"https:\/\/rqh.be\/index.php\/potager-dinsertion-de-la-prealle-cultiver-pour-apprendre\/\">Potager d\u2019insertion de La Pr\u00e9alle : cultiver pour apprendre<\/a><\/li>\n<li id=\"menu-item-205\" class=\"menu-item menu-item-type-post_type menu-item-object-page menu-item-205\"><a href=\"https:\/\/rqh.be\/index.php\/atelier-herstal-a-velo-la-mobilite-pas-chere\/\">Atelier Herstal \u00e0 V\u00e9lo : la mobilit\u00e9 pas ch\u00e8re<\/a><\/li>\n<li id=\"menu-item-206\" class=\"menu-item menu-item-type-post_type menu-item-object-page menu-item-206\"><a href=\"https:\/\/rqh.be\/index.php\/solderie-de-quartier-de-la-seconde-main-a-tout-petit-prix\/\">Solderie de quartier : de la seconde main \u00e0 tout petit prix<\/a><\/li>\n<\/ul><\/div>\t\t\t\t<\/div>\n\t\t\t\t<\/div>\n\t\t\t\t\t<\/div>\n\t\t<\/div>\n\t\t\t\t\t<\/div>\n\t\t<\/section>\n\t\t\t\t<\/div>\n\t\t","protected":false},"excerpt":{"rendered":"<p>Situ\u00e9 dans le centre de Herstal, aux sous-sols de l\u2019ancien H\u00f4tel de Ville, Place Jean Jaur\u00e8s 1, l\u2019Atelier v\u00e9lo propose au public d\u2019entretenir et de r\u00e9parer son v\u00e9lo pour une somme modique. Il propose aussi \u00e0 la vente des v\u00e9los d\u2019occasions, reconditionn\u00e9s \u00e0 la demande. Il offre aussi, occasionnellement, des animations \u00e0 destination d\u2019enfants ou d\u2019adolescents, en s\u2019exportant dans les quartiers. Ouverture : jeudi\u00a0apr\u00e8s-midi (12h30 \u00e0 16h30) Pour des dons ou renseignements\u00a0: 04\/240.19.67 ou 0495\/70.34.18<\/p>\n","protected":false},"author":1,"featured_media":0,"parent":0,"menu_order":0,"comment_status":"closed","ping_status":"closed","template":"","meta":{"footnotes":""},"class_list":["post-23","page","type-page","status-publish","hentry"],"yoast_head":"<!-- This site is optimized with the Yoast SEO plugin v24.5 - https:\/\/yoast.com\/wordpress\/plugins\/seo\/ -->\n<title>Atelier Herstal \u00e0 V\u00e9lo : la mobilit\u00e9 pas ch\u00e8re - R\u00e9gie des quartiers de Herstal<\/title>\n<meta name=\"robots\" content=\"index, follow, max-snippet:-1, max-image-preview:large, max-video-preview:-1\" \/>\n<link rel=\"canonical\" href=\"https:\/\/rqh.be\/index.php\/atelier-herstal-a-velo-la-mobilite-pas-chere\/\" \/>\n<meta property=\"og:locale\" content=\"fr_FR\" \/>\n<meta property=\"og:type\" content=\"article\" \/>\n<meta property=\"og:title\" content=\"Atelier Herstal \u00e0 V\u00e9lo : la mobilit\u00e9 pas ch\u00e8re - R\u00e9gie des quartiers de Herstal\" \/>\n<meta property=\"og:description\" content=\"Situ\u00e9 dans le centre de Herstal, aux sous-sols de l\u2019ancien H\u00f4tel de Ville, Place Jean Jaur\u00e8s 1, l\u2019Atelier v\u00e9lo propose au public d\u2019entretenir et de r\u00e9parer son v\u00e9lo pour une somme modique. Il propose aussi \u00e0 la vente des v\u00e9los d\u2019occasions, reconditionn\u00e9s \u00e0 la demande. Il offre aussi, occasionnellement, des animations \u00e0 destination d\u2019enfants ou d\u2019adolescents, en s\u2019exportant dans les quartiers. Ouverture : jeudi\u00a0apr\u00e8s-midi (12h30 \u00e0 16h30) Pour des dons ou renseignements\u00a0: 04\/240.19.67 ou 0495\/70.34.18\" \/>\n<meta property=\"og:url\" content=\"https:\/\/rqh.be\/index.php\/atelier-herstal-a-velo-la-mobilite-pas-chere\/\" \/>\n<meta property=\"og:site_name\" content=\"R\u00e9gie des quartiers de Herstal\" \/>\n<meta property=\"article:modified_time\" content=\"2023-08-16T15:11:33+00:00\" \/>\n<meta name=\"twitter:card\" content=\"summary_large_image\" \/>\n<script type=\"application\/ld+json\" class=\"yoast-schema-graph\">{\"@context\":\"https:\/\/schema.org\",\"@graph\":[{\"@type\":\"WebPage\",\"@id\":\"https:\/\/rqh.be\/index.php\/atelier-herstal-a-velo-la-mobilite-pas-chere\/\",\"url\":\"https:\/\/rqh.be\/index.php\/atelier-herstal-a-velo-la-mobilite-pas-chere\/\",\"name\":\"Atelier Herstal \u00e0 V\u00e9lo : la mobilit\u00e9 pas ch\u00e8re - R\u00e9gie des quartiers de Herstal\",\"isPartOf\":{\"@id\":\"https:\/\/rqh.be\/#website\"},\"datePublished\":\"2018-07-20T09:08:54+00:00\",\"dateModified\":\"2023-08-16T15:11:33+00:00\",\"breadcrumb\":{\"@id\":\"https:\/\/rqh.be\/index.php\/atelier-herstal-a-velo-la-mobilite-pas-chere\/#breadcrumb\"},\"inLanguage\":\"fr-FR\",\"potentialAction\":[{\"@type\":\"ReadAction\",\"target\":[\"https:\/\/rqh.be\/index.php\/atelier-herstal-a-velo-la-mobilite-pas-chere\/\"]}]},{\"@type\":\"BreadcrumbList\",\"@id\":\"https:\/\/rqh.be\/index.php\/atelier-herstal-a-velo-la-mobilite-pas-chere\/#breadcrumb\",\"itemListElement\":[{\"@type\":\"ListItem\",\"position\":1,\"name\":\"Accueil\",\"item\":\"https:\/\/rqh.be\/\"},{\"@type\":\"ListItem\",\"position\":2,\"name\":\"Atelier Herstal \u00e0 V\u00e9lo : la mobilit\u00e9 pas ch\u00e8re\"}]},{\"@type\":\"WebSite\",\"@id\":\"https:\/\/rqh.be\/#website\",\"url\":\"https:\/\/rqh.be\/\",\"name\":\"R\u00e9gie des quartiers de Herstal\",\"description\":\"Plus proches de vous\",\"potentialAction\":[{\"@type\":\"SearchAction\",\"target\":{\"@type\":\"EntryPoint\",\"urlTemplate\":\"https:\/\/rqh.be\/?s={search_term_string}\"},\"query-input\":{\"@type\":\"PropertyValueSpecification\",\"valueRequired\":true,\"valueName\":\"search_term_string\"}}],\"inLanguage\":\"fr-FR\"}]}<\/script>\n<!-- \/ Yoast SEO plugin. -->","yoast_head_json":{"title":"Atelier Herstal \u00e0 V\u00e9lo : la mobilit\u00e9 pas ch\u00e8re - R\u00e9gie des quartiers de Herstal","robots":{"index":"index","follow":"follow","max-snippet":"max-snippet:-1","max-image-preview":"max-image-preview:large","max-video-preview":"max-video-preview:-1"},"canonical":"https:\/\/rqh.be\/index.php\/atelier-herstal-a-velo-la-mobilite-pas-chere\/","og_locale":"fr_FR","og_type":"article","og_title":"Atelier Herstal \u00e0 V\u00e9lo : la mobilit\u00e9 pas ch\u00e8re - R\u00e9gie des quartiers de Herstal","og_description":"Situ\u00e9 dans le centre de Herstal, aux sous-sols de l\u2019ancien H\u00f4tel de Ville, Place Jean Jaur\u00e8s 1, l\u2019Atelier v\u00e9lo propose au public d\u2019entretenir et de r\u00e9parer son v\u00e9lo pour une somme modique. Il propose aussi \u00e0 la vente des v\u00e9los d\u2019occasions, reconditionn\u00e9s \u00e0 la demande. Il offre aussi, occasionnellement, des animations \u00e0 destination d\u2019enfants ou d\u2019adolescents, en s\u2019exportant dans les quartiers. Ouverture : jeudi\u00a0apr\u00e8s-midi (12h30 \u00e0 16h30) Pour des dons ou renseignements\u00a0: 04\/240.19.67 ou 0495\/70.34.18","og_url":"https:\/\/rqh.be\/index.php\/atelier-herstal-a-velo-la-mobilite-pas-chere\/","og_site_name":"R\u00e9gie des quartiers de Herstal","article_modified_time":"2023-08-16T15:11:33+00:00","twitter_card":"summary_large_image","schema":{"@context":"https:\/\/schema.org","@graph":[{"@type":"WebPage","@id":"https:\/\/rqh.be\/index.php\/atelier-herstal-a-velo-la-mobilite-pas-chere\/","url":"https:\/\/rqh.be\/index.php\/atelier-herstal-a-velo-la-mobilite-pas-chere\/","name":"Atelier Herstal \u00e0 V\u00e9lo : la mobilit\u00e9 pas ch\u00e8re - R\u00e9gie des quartiers de Herstal","isPartOf":{"@id":"https:\/\/rqh.be\/#website"},"datePublished":"2018-07-20T09:08:54+00:00","dateModified":"2023-08-16T15:11:33+00:00","breadcrumb":{"@id":"https:\/\/rqh.be\/index.php\/atelier-herstal-a-velo-la-mobilite-pas-chere\/#breadcrumb"},"inLanguage":"fr-FR","potentialAction":[{"@type":"ReadAction","target":["https:\/\/rqh.be\/index.php\/atelier-herstal-a-velo-la-mobilite-pas-chere\/"]}]},{"@type":"BreadcrumbList","@id":"https:\/\/rqh.be\/index.php\/atelier-herstal-a-velo-la-mobilite-pas-chere\/#breadcrumb","itemListElement":[{"@type":"ListItem","position":1,"name":"Accueil","item":"https:\/\/rqh.be\/"},{"@type":"ListItem","position":2,"name":"Atelier Herstal \u00e0 V\u00e9lo : la mobilit\u00e9 pas ch\u00e8re"}]},{"@type":"WebSite","@id":"https:\/\/rqh.be\/#website","url":"https:\/\/rqh.be\/","name":"R\u00e9gie des quartiers de Herstal","description":"Plus proches de vous","potentialAction":[{"@type":"SearchAction","target":{"@type":"EntryPoint","urlTemplate":"https:\/\/rqh.be\/?s={search_term_string}"},"query-input":{"@type":"PropertyValueSpecification","valueRequired":true,"valueName":"search_term_string"}}],"inLanguage":"fr-FR"}]}},"_links":{"self":[{"href":"https:\/\/rqh.be\/index.php\/wp-json\/wp\/v2\/pages\/23","targetHints":{"allow":["GET"]}}],"collection":[{"href":"https:\/\/rqh.be\/index.php\/wp-json\/wp\/v2\/pages"}],"about":[{"href":"https:\/\/rqh.be\/index.php\/wp-json\/wp\/v2\/types\/page"}],"author":[{"embeddable":true,"href":"https:\/\/rqh.be\/index.php\/wp-json\/wp\/v2\/users\/1"}],"replies":[{"embeddable":true,"href":"https:\/\/rqh.be\/index.php\/wp-json\/wp\/v2\/comments?post=23"}],"version-history":[{"count":18,"href":"https:\/\/rqh.be\/index.php\/wp-json\/wp\/v2\/pages\/23\/revisions"}],"predecessor-version":[{"id":598,"href":"https:\/\/rqh.be\/index.php\/wp-json\/wp\/v2\/pages\/23\/revisions\/598"}],"wp:attachment":[{"href":"https:\/\/rqh.be\/index.php\/wp-json\/wp\/v2\/media?parent=23"}],"curies":[{"name":"wp","href":"https:\/\/api.w.org\/{rel}","templated":true}]}}