{"id":27,"date":"2018-07-20T11:11:13","date_gmt":"2018-07-20T09:11:13","guid":{"rendered":"http:\/\/rqh.be\/?page_id=27"},"modified":"2023-08-16T17:12:41","modified_gmt":"2023-08-16T15:12:41","slug":"ateliers-gestion-durable-de-son-logement-dans-les-maisons-temoins","status":"publish","type":"page","link":"https:\/\/rqh.be\/index.php\/ateliers-gestion-durable-de-son-logement-dans-les-maisons-temoins\/","title":{"rendered":"Ateliers \u00ab Gestion durable de son logement \u00bb dans les maisons t\u00e9moins"},"content":{"rendered":"\t\t<div data-elementor-type=\"wp-post\" data-elementor-id=\"27\" class=\"elementor elementor-27\">\n\t\t\t\t\t\t<section class=\"elementor-section elementor-top-section elementor-element elementor-element-1c563c8e elementor-section-stretched elementor-section-full_width elementor-section-height-default elementor-section-height-default\" data-id=\"1c563c8e\" data-element_type=\"section\" data-settings=\"{&quot;stretch_section&quot;:&quot;section-stretched&quot;}\">\n\t\t\t\t\t\t<div class=\"elementor-container elementor-column-gap-default\">\n\t\t\t\t\t<div class=\"elementor-column elementor-col-100 elementor-top-column elementor-element elementor-element-1d4abcf2\" data-id=\"1d4abcf2\" data-element_type=\"column\">\n\t\t\t<div class=\"elementor-widget-wrap\">\n\t\t\t\t\t\t\t<\/div>\n\t\t<\/div>\n\t\t\t\t\t<\/div>\n\t\t<\/section>\n\t\t\t\t<section class=\"elementor-section elementor-top-section elementor-element elementor-element-4d6d0907 elementor-section-boxed elementor-section-height-default elementor-section-height-default\" data-id=\"4d6d0907\" data-element_type=\"section\">\n\t\t\t\t\t\t<div class=\"elementor-container elementor-column-gap-default\">\n\t\t\t\t\t<div class=\"elementor-column elementor-col-66 elementor-top-column elementor-element elementor-element-7f89cc87\" data-id=\"7f89cc87\" data-element_type=\"column\">\n\t\t\t<div class=\"elementor-widget-wrap elementor-element-populated\">\n\t\t\t\t\t\t<div class=\"elementor-element elementor-element-5daa4839 elementor-widget elementor-widget-text-editor\" data-id=\"5daa4839\" data-element_type=\"widget\" data-widget_type=\"text-editor.default\">\n\t\t\t\t<div class=\"elementor-widget-container\">\n\t\t\t\t\t\t\t\t\t<p>Soutenus par le Wallonie et propos\u00e9s \u00e0 destination des stagiaires de la R.Q.H., des locataires de la S.R.L. de Herstal et de b\u00e9n\u00e9ficiaires de centres partenaires, ces ateliers sont organis\u00e9s chaque semaine pour sensibiliser chacun \u00e0 diff\u00e9rentes th\u00e9matiques\u00a0: les gestes malins en mati\u00e8re d\u2019\u00e9nergie, la s\u00e9curit\u00e9 dans son logement, les droits et devoirs des locataires, l\u2019utilisation de produits naturels, \u2026<\/p><p>Il y a 9 th\u00e9matiques propos\u00e9e en 11 modules ou \u00e0 la carte.<\/p><p>Les ateliers s\u2019appuient sur des maisons t\u00e9moins illustrant concr\u00e8tement les bonnes et mauvaises pratiques en mati\u00e8re de gestion de son logement, tant \u00e0 l\u2019int\u00e9rieur qu\u2019\u00e0 l\u2019ext\u00e9rieur de celui-ci.<\/p><p>Une animation \u00e0 proposer \u00e0 vos groupes ou un renseignement compl\u00e9mentaire\u00a0?\u00a0Contactez le 04\/240.19.67 ou le 0484\/39.92.90<\/p>\t\t\t\t\t\t\t\t<\/div>\n\t\t\t\t<\/div>\n\t\t\t\t\t<\/div>\n\t\t<\/div>\n\t\t\t\t<div class=\"elementor-column elementor-col-33 elementor-top-column elementor-element elementor-element-38f1ee7b\" data-id=\"38f1ee7b\" data-element_type=\"column\">\n\t\t\t<div class=\"elementor-widget-wrap elementor-element-populated\">\n\t\t\t\t\t\t<div class=\"elementor-element elementor-element-72443c2b elementor-widget elementor-widget-wp-widget-nav_menu\" data-id=\"72443c2b\" data-element_type=\"widget\" data-widget_type=\"wp-widget-nav_menu.default\">\n\t\t\t\t<div class=\"elementor-widget-container\">\n\t\t\t\t\t<h5>Projets de quartier<\/h5><div class=\"menu-projets-de-quartier-container\"><ul id=\"menu-projets-de-quartier\" class=\"menu\"><li id=\"menu-item-198\" class=\"menu-item menu-item-type-post_type menu-item-object-page menu-item-198\"><a href=\"https:\/\/rqh.be\/index.php\/les-festivites-de-quartiers\/\">Les festivit\u00e9s de quartiers<\/a><\/li>\n<li id=\"menu-item-199\" class=\"menu-item menu-item-type-post_type menu-item-object-page menu-item-199\"><a href=\"https:\/\/rqh.be\/index.php\/le-petit-marche-bio-et-local\/\">Le petit march\u00e9 bio et local<\/a><\/li>\n<li id=\"menu-item-200\" class=\"menu-item menu-item-type-post_type menu-item-object-page menu-item-200\"><a href=\"https:\/\/rqh.be\/index.php\/les-jardins-de-la-mutualite-de-la-detente-a-linsertion\/\">Les Jardins de la Mutualit\u00e9 : de la d\u00e9tente \u00e0 l\u2019insertion<\/a><\/li>\n<li id=\"menu-item-201\" class=\"menu-item menu-item-type-post_type menu-item-object-page menu-item-201\"><a href=\"https:\/\/rqh.be\/index.php\/location-doutils\/\">Location d\u2019outils<\/a><\/li>\n<li id=\"menu-item-202\" class=\"menu-item menu-item-type-post_type menu-item-object-page menu-item-202\"><a href=\"https:\/\/rqh.be\/index.php\/repair-cafe\/\">Repair caf\u00e9<\/a><\/li>\n<li id=\"menu-item-203\" class=\"menu-item menu-item-type-post_type menu-item-object-page menu-item-203\"><a href=\"https:\/\/rqh.be\/index.php\/ateliers-gestion-durable-de-son-logement-dans-les-maisons-temoins\/\">Ateliers \u00ab Gestion durable de son logement \u00bb dans les maisons t\u00e9moins<\/a><\/li>\n<li id=\"menu-item-204\" class=\"menu-item menu-item-type-post_type menu-item-object-page menu-item-204\"><a href=\"https:\/\/rqh.be\/index.php\/potager-dinsertion-de-la-prealle-cultiver-pour-apprendre\/\">Potager d\u2019insertion de La Pr\u00e9alle : cultiver pour apprendre<\/a><\/li>\n<li id=\"menu-item-205\" class=\"menu-item menu-item-type-post_type menu-item-object-page menu-item-205\"><a href=\"https:\/\/rqh.be\/index.php\/atelier-herstal-a-velo-la-mobilite-pas-chere\/\">Atelier Herstal \u00e0 V\u00e9lo : la mobilit\u00e9 pas ch\u00e8re<\/a><\/li>\n<li id=\"menu-item-206\" class=\"menu-item menu-item-type-post_type menu-item-object-page menu-item-206\"><a href=\"https:\/\/rqh.be\/index.php\/solderie-de-quartier-de-la-seconde-main-a-tout-petit-prix\/\">Solderie de quartier : de la seconde main \u00e0 tout petit prix<\/a><\/li>\n<\/ul><\/div>\t\t\t\t<\/div>\n\t\t\t\t<\/div>\n\t\t\t\t\t<\/div>\n\t\t<\/div>\n\t\t\t\t\t<\/div>\n\t\t<\/section>\n\t\t\t\t<\/div>\n\t\t","protected":false},"excerpt":{"rendered":"<p>Soutenus par le Wallonie et propos\u00e9s \u00e0 destination des stagiaires de la R.Q.H., des locataires de la S.R.L. de Herstal et de b\u00e9n\u00e9ficiaires de centres partenaires, ces ateliers sont organis\u00e9s chaque semaine pour sensibiliser chacun \u00e0 diff\u00e9rentes th\u00e9matiques\u00a0: les gestes malins en mati\u00e8re d\u2019\u00e9nergie, la s\u00e9curit\u00e9 dans son logement, les droits et devoirs des locataires, l\u2019utilisation de produits naturels, \u2026 Il y a 9 th\u00e9matiques propos\u00e9e en 11 modules ou \u00e0 la carte. Les ateliers s\u2019appuient sur des maisons t\u00e9moins illustrant concr\u00e8tement les bonnes et mauvaises pratiques en mati\u00e8re de gestion de son logement, tant \u00e0 l\u2019int\u00e9rieur qu\u2019\u00e0 l\u2019ext\u00e9rieur de celui-ci. Une animation \u00e0 proposer \u00e0 vos groupes ou un renseignement compl\u00e9mentaire\u00a0?\u00a0Contactez le 04\/240.19.67 ou le 0484\/39.92.90<\/p>\n","protected":false},"author":1,"featured_media":0,"parent":0,"menu_order":0,"comment_status":"closed","ping_status":"closed","template":"","meta":{"footnotes":""},"class_list":["post-27","page","type-page","status-publish","hentry"],"yoast_head":"<!-- This site is optimized with the Yoast SEO plugin v24.5 - https:\/\/yoast.com\/wordpress\/plugins\/seo\/ -->\n<title>Ateliers \u00ab Gestion durable de son logement \u00bb dans les maisons t\u00e9moins - R\u00e9gie des quartiers de Herstal<\/title>\n<meta name=\"robots\" content=\"index, follow, max-snippet:-1, max-image-preview:large, max-video-preview:-1\" \/>\n<link rel=\"canonical\" href=\"https:\/\/rqh.be\/index.php\/ateliers-gestion-durable-de-son-logement-dans-les-maisons-temoins\/\" \/>\n<meta property=\"og:locale\" content=\"fr_FR\" \/>\n<meta property=\"og:type\" content=\"article\" \/>\n<meta property=\"og:title\" content=\"Ateliers \u00ab Gestion durable de son logement \u00bb dans les maisons t\u00e9moins - R\u00e9gie des quartiers de Herstal\" \/>\n<meta property=\"og:description\" content=\"Soutenus par le Wallonie et propos\u00e9s \u00e0 destination des stagiaires de la R.Q.H., des locataires de la S.R.L. de Herstal et de b\u00e9n\u00e9ficiaires de centres partenaires, ces ateliers sont organis\u00e9s chaque semaine pour sensibiliser chacun \u00e0 diff\u00e9rentes th\u00e9matiques\u00a0: les gestes malins en mati\u00e8re d\u2019\u00e9nergie, la s\u00e9curit\u00e9 dans son logement, les droits et devoirs des locataires, l\u2019utilisation de produits naturels, \u2026 Il y a 9 th\u00e9matiques propos\u00e9e en 11 modules ou \u00e0 la carte. Les ateliers s\u2019appuient sur des maisons t\u00e9moins illustrant concr\u00e8tement les bonnes et mauvaises pratiques en mati\u00e8re de gestion de son logement, tant \u00e0 l\u2019int\u00e9rieur qu\u2019\u00e0 l\u2019ext\u00e9rieur de celui-ci. Une animation \u00e0 proposer \u00e0 vos groupes ou un renseignement compl\u00e9mentaire\u00a0?\u00a0Contactez le 04\/240.19.67 ou le 0484\/39.92.90\" \/>\n<meta property=\"og:url\" content=\"https:\/\/rqh.be\/index.php\/ateliers-gestion-durable-de-son-logement-dans-les-maisons-temoins\/\" \/>\n<meta property=\"og:site_name\" content=\"R\u00e9gie des quartiers de Herstal\" \/>\n<meta property=\"article:modified_time\" content=\"2023-08-16T15:12:41+00:00\" \/>\n<meta name=\"twitter:card\" content=\"summary_large_image\" \/>\n<meta name=\"twitter:label1\" content=\"Dur\u00e9e de lecture estim\u00e9e\" \/>\n\t<meta name=\"twitter:data1\" content=\"1 minute\" \/>\n<script type=\"application\/ld+json\" class=\"yoast-schema-graph\">{\"@context\":\"https:\/\/schema.org\",\"@graph\":[{\"@type\":\"WebPage\",\"@id\":\"https:\/\/rqh.be\/index.php\/ateliers-gestion-durable-de-son-logement-dans-les-maisons-temoins\/\",\"url\":\"https:\/\/rqh.be\/index.php\/ateliers-gestion-durable-de-son-logement-dans-les-maisons-temoins\/\",\"name\":\"Ateliers \u00ab Gestion durable de son logement \u00bb dans les maisons t\u00e9moins - R\u00e9gie des quartiers de Herstal\",\"isPartOf\":{\"@id\":\"https:\/\/rqh.be\/#website\"},\"datePublished\":\"2018-07-20T09:11:13+00:00\",\"dateModified\":\"2023-08-16T15:12:41+00:00\",\"breadcrumb\":{\"@id\":\"https:\/\/rqh.be\/index.php\/ateliers-gestion-durable-de-son-logement-dans-les-maisons-temoins\/#breadcrumb\"},\"inLanguage\":\"fr-FR\",\"potentialAction\":[{\"@type\":\"ReadAction\",\"target\":[\"https:\/\/rqh.be\/index.php\/ateliers-gestion-durable-de-son-logement-dans-les-maisons-temoins\/\"]}]},{\"@type\":\"BreadcrumbList\",\"@id\":\"https:\/\/rqh.be\/index.php\/ateliers-gestion-durable-de-son-logement-dans-les-maisons-temoins\/#breadcrumb\",\"itemListElement\":[{\"@type\":\"ListItem\",\"position\":1,\"name\":\"Accueil\",\"item\":\"https:\/\/rqh.be\/\"},{\"@type\":\"ListItem\",\"position\":2,\"name\":\"Ateliers \u00ab Gestion durable de son logement \u00bb dans les maisons t\u00e9moins\"}]},{\"@type\":\"WebSite\",\"@id\":\"https:\/\/rqh.be\/#website\",\"url\":\"https:\/\/rqh.be\/\",\"name\":\"R\u00e9gie des quartiers de Herstal\",\"description\":\"Plus proches de vous\",\"potentialAction\":[{\"@type\":\"SearchAction\",\"target\":{\"@type\":\"EntryPoint\",\"urlTemplate\":\"https:\/\/rqh.be\/?s={search_term_string}\"},\"query-input\":{\"@type\":\"PropertyValueSpecification\",\"valueRequired\":true,\"valueName\":\"search_term_string\"}}],\"inLanguage\":\"fr-FR\"}]}<\/script>\n<!-- \/ Yoast SEO plugin. -->","yoast_head_json":{"title":"Ateliers \u00ab Gestion durable de son logement \u00bb dans les maisons t\u00e9moins - R\u00e9gie des quartiers de Herstal","robots":{"index":"index","follow":"follow","max-snippet":"max-snippet:-1","max-image-preview":"max-image-preview:large","max-video-preview":"max-video-preview:-1"},"canonical":"https:\/\/rqh.be\/index.php\/ateliers-gestion-durable-de-son-logement-dans-les-maisons-temoins\/","og_locale":"fr_FR","og_type":"article","og_title":"Ateliers \u00ab Gestion durable de son logement \u00bb dans les maisons t\u00e9moins - R\u00e9gie des quartiers de Herstal","og_description":"Soutenus par le Wallonie et propos\u00e9s \u00e0 destination des stagiaires de la R.Q.H., des locataires de la S.R.L. de Herstal et de b\u00e9n\u00e9ficiaires de centres partenaires, ces ateliers sont organis\u00e9s chaque semaine pour sensibiliser chacun \u00e0 diff\u00e9rentes th\u00e9matiques\u00a0: les gestes malins en mati\u00e8re d\u2019\u00e9nergie, la s\u00e9curit\u00e9 dans son logement, les droits et devoirs des locataires, l\u2019utilisation de produits naturels, \u2026 Il y a 9 th\u00e9matiques propos\u00e9e en 11 modules ou \u00e0 la carte. Les ateliers s\u2019appuient sur des maisons t\u00e9moins illustrant concr\u00e8tement les bonnes et mauvaises pratiques en mati\u00e8re de gestion de son logement, tant \u00e0 l\u2019int\u00e9rieur qu\u2019\u00e0 l\u2019ext\u00e9rieur de celui-ci. Une animation \u00e0 proposer \u00e0 vos groupes ou un renseignement compl\u00e9mentaire\u00a0?\u00a0Contactez le 04\/240.19.67 ou le 0484\/39.92.90","og_url":"https:\/\/rqh.be\/index.php\/ateliers-gestion-durable-de-son-logement-dans-les-maisons-temoins\/","og_site_name":"R\u00e9gie des quartiers de Herstal","article_modified_time":"2023-08-16T15:12:41+00:00","twitter_card":"summary_large_image","twitter_misc":{"Dur\u00e9e de lecture estim\u00e9e":"1 minute"},"schema":{"@context":"https:\/\/schema.org","@graph":[{"@type":"WebPage","@id":"https:\/\/rqh.be\/index.php\/ateliers-gestion-durable-de-son-logement-dans-les-maisons-temoins\/","url":"https:\/\/rqh.be\/index.php\/ateliers-gestion-durable-de-son-logement-dans-les-maisons-temoins\/","name":"Ateliers \u00ab Gestion durable de son logement \u00bb dans les maisons t\u00e9moins - R\u00e9gie des quartiers de Herstal","isPartOf":{"@id":"https:\/\/rqh.be\/#website"},"datePublished":"2018-07-20T09:11:13+00:00","dateModified":"2023-08-16T15:12:41+00:00","breadcrumb":{"@id":"https:\/\/rqh.be\/index.php\/ateliers-gestion-durable-de-son-logement-dans-les-maisons-temoins\/#breadcrumb"},"inLanguage":"fr-FR","potentialAction":[{"@type":"ReadAction","target":["https:\/\/rqh.be\/index.php\/ateliers-gestion-durable-de-son-logement-dans-les-maisons-temoins\/"]}]},{"@type":"BreadcrumbList","@id":"https:\/\/rqh.be\/index.php\/ateliers-gestion-durable-de-son-logement-dans-les-maisons-temoins\/#breadcrumb","itemListElement":[{"@type":"ListItem","position":1,"name":"Accueil","item":"https:\/\/rqh.be\/"},{"@type":"ListItem","position":2,"name":"Ateliers \u00ab Gestion durable de son logement \u00bb dans les maisons t\u00e9moins"}]},{"@type":"WebSite","@id":"https:\/\/rqh.be\/#website","url":"https:\/\/rqh.be\/","name":"R\u00e9gie des quartiers de Herstal","description":"Plus proches de vous","potentialAction":[{"@type":"SearchAction","target":{"@type":"EntryPoint","urlTemplate":"https:\/\/rqh.be\/?s={search_term_string}"},"query-input":{"@type":"PropertyValueSpecification","valueRequired":true,"valueName":"search_term_string"}}],"inLanguage":"fr-FR"}]}},"_links":{"self":[{"href":"https:\/\/rqh.be\/index.php\/wp-json\/wp\/v2\/pages\/27","targetHints":{"allow":["GET"]}}],"collection":[{"href":"https:\/\/rqh.be\/index.php\/wp-json\/wp\/v2\/pages"}],"about":[{"href":"https:\/\/rqh.be\/index.php\/wp-json\/wp\/v2\/types\/page"}],"author":[{"embeddable":true,"href":"https:\/\/rqh.be\/index.php\/wp-json\/wp\/v2\/users\/1"}],"replies":[{"embeddable":true,"href":"https:\/\/rqh.be\/index.php\/wp-json\/wp\/v2\/comments?post=27"}],"version-history":[{"count":17,"href":"https:\/\/rqh.be\/index.php\/wp-json\/wp\/v2\/pages\/27\/revisions"}],"predecessor-version":[{"id":601,"href":"https:\/\/rqh.be\/index.php\/wp-json\/wp\/v2\/pages\/27\/revisions\/601"}],"wp:attachment":[{"href":"https:\/\/rqh.be\/index.php\/wp-json\/wp\/v2\/media?parent=27"}],"curies":[{"name":"wp","href":"https:\/\/api.w.org\/{rel}","templated":true}]}}