{"id":29,"date":"2018-07-20T11:13:46","date_gmt":"2018-07-20T09:13:46","guid":{"rendered":"http:\/\/rqh.be\/?page_id=29"},"modified":"2025-11-28T16:40:14","modified_gmt":"2025-11-28T15:40:14","slug":"repair-cafe","status":"publish","type":"page","link":"https:\/\/rqh.be\/index.php\/repair-cafe\/","title":{"rendered":"Repair caf\u00e9"},"content":{"rendered":"\t\t<div data-elementor-type=\"wp-post\" data-elementor-id=\"29\" class=\"elementor elementor-29\">\n\t\t\t\t\t\t<section class=\"elementor-section elementor-top-section elementor-element elementor-element-7bd1c384 elementor-section-stretched elementor-section-full_width elementor-section-height-default elementor-section-height-default\" data-id=\"7bd1c384\" data-element_type=\"section\" data-settings=\"{&quot;stretch_section&quot;:&quot;section-stretched&quot;}\">\n\t\t\t\t\t\t<div class=\"elementor-container elementor-column-gap-default\">\n\t\t\t\t\t<div class=\"elementor-column elementor-col-100 elementor-top-column elementor-element elementor-element-65544361\" data-id=\"65544361\" data-element_type=\"column\">\n\t\t\t<div class=\"elementor-widget-wrap elementor-element-populated\">\n\t\t\t\t\t\t<div class=\"elementor-element elementor-element-8a31028 elementor-widget elementor-widget-image\" data-id=\"8a31028\" data-element_type=\"widget\" data-widget_type=\"image.default\">\n\t\t\t\t<div class=\"elementor-widget-container\">\n\t\t\t\t\t\t\t\t\t\t\t\t\t\t\t<img fetchpriority=\"high\" decoding=\"async\" width=\"2000\" height=\"941\" src=\"https:\/\/rqh.be\/wp-content\/uploads\/2018\/07\/centre-administratif-herstal2.jpg\" class=\"attachment-full size-full wp-image-86\" alt=\"\" srcset=\"https:\/\/rqh.be\/wp-content\/uploads\/2018\/07\/centre-administratif-herstal2.jpg 2000w, https:\/\/rqh.be\/wp-content\/uploads\/2018\/07\/centre-administratif-herstal2-300x141.jpg 300w, https:\/\/rqh.be\/wp-content\/uploads\/2018\/07\/centre-administratif-herstal2-768x361.jpg 768w, https:\/\/rqh.be\/wp-content\/uploads\/2018\/07\/centre-administratif-herstal2-1024x482.jpg 1024w, https:\/\/rqh.be\/wp-content\/uploads\/2018\/07\/centre-administratif-herstal2-800x376.jpg 800w\" sizes=\"(max-width: 2000px) 100vw, 2000px\" \/>\t\t\t\t\t\t\t\t\t\t\t\t\t\t\t<\/div>\n\t\t\t\t<\/div>\n\t\t\t\t\t<\/div>\n\t\t<\/div>\n\t\t\t\t\t<\/div>\n\t\t<\/section>\n\t\t\t\t<section class=\"elementor-section elementor-top-section elementor-element elementor-element-37b02c55 elementor-section-boxed elementor-section-height-default elementor-section-height-default\" data-id=\"37b02c55\" data-element_type=\"section\">\n\t\t\t\t\t\t<div class=\"elementor-container elementor-column-gap-default\">\n\t\t\t\t\t<div class=\"elementor-column elementor-col-66 elementor-top-column elementor-element elementor-element-813f7e3\" data-id=\"813f7e3\" data-element_type=\"column\">\n\t\t\t<div class=\"elementor-widget-wrap elementor-element-populated\">\n\t\t\t\t\t\t<div class=\"elementor-element elementor-element-11161fbb elementor-widget elementor-widget-text-editor\" data-id=\"11161fbb\" data-element_type=\"widget\" data-widget_type=\"text-editor.default\">\n\t\t\t\t<div class=\"elementor-widget-container\">\n\t\t\t\t\t\t\t\t\t<p>Afin de sensibiliser la population \u00e0 la lutte contre le gaspillage et lui permettre d\u2019augmenter la dur\u00e9e de vie de ses petits \u00e9lectrom\u00e9nagers ou de son mat\u00e9riel informatique, un animateur vous aide \u00e0 r\u00e9parer les objets de votre quotidien autour d\u2019une bonne tasse de caf\u00e9, dans une ambiance conviviale.<\/p><p>Le \u00ab\u00a0Repair\u00a0\u00bb peut s\u2019exporter hors de ses murs en fonction des manifestations organis\u00e9es sur Herstal mais est g\u00e9n\u00e9ralement ouvert <strong>chaque mercredi<\/strong>, Rue de le Mutualit\u00e9 79 \u00e0 Herstal. Les interventions de nos volontaires se font sous rendez-vous au <b>04\/240.19.67<\/b><\/p>\t\t\t\t\t\t\t\t<\/div>\n\t\t\t\t<\/div>\n\t\t\t\t\t<\/div>\n\t\t<\/div>\n\t\t\t\t<div class=\"elementor-column elementor-col-33 elementor-top-column elementor-element elementor-element-3bcf6a02\" data-id=\"3bcf6a02\" data-element_type=\"column\">\n\t\t\t<div class=\"elementor-widget-wrap elementor-element-populated\">\n\t\t\t\t\t\t<div class=\"elementor-element elementor-element-5571574e elementor-widget elementor-widget-wp-widget-nav_menu\" data-id=\"5571574e\" data-element_type=\"widget\" data-widget_type=\"wp-widget-nav_menu.default\">\n\t\t\t\t<div class=\"elementor-widget-container\">\n\t\t\t\t\t<h5>Projets de quartier<\/h5><div class=\"menu-projets-de-quartier-container\"><ul id=\"menu-projets-de-quartier\" class=\"menu\"><li id=\"menu-item-198\" class=\"menu-item menu-item-type-post_type menu-item-object-page menu-item-198\"><a href=\"https:\/\/rqh.be\/index.php\/les-festivites-de-quartiers\/\">Les festivit\u00e9s de quartiers<\/a><\/li>\n<li id=\"menu-item-199\" class=\"menu-item menu-item-type-post_type menu-item-object-page menu-item-199\"><a href=\"https:\/\/rqh.be\/index.php\/le-petit-marche-bio-et-local\/\">Le petit march\u00e9 bio et local<\/a><\/li>\n<li id=\"menu-item-200\" class=\"menu-item menu-item-type-post_type menu-item-object-page menu-item-200\"><a href=\"https:\/\/rqh.be\/index.php\/les-jardins-de-la-mutualite-de-la-detente-a-linsertion\/\">Les Jardins de la Mutualit\u00e9 : de la d\u00e9tente \u00e0 l\u2019insertion<\/a><\/li>\n<li id=\"menu-item-201\" class=\"menu-item menu-item-type-post_type menu-item-object-page menu-item-201\"><a href=\"https:\/\/rqh.be\/index.php\/location-doutils\/\">Location d\u2019outils<\/a><\/li>\n<li id=\"menu-item-202\" class=\"menu-item menu-item-type-post_type menu-item-object-page menu-item-202\"><a href=\"https:\/\/rqh.be\/index.php\/repair-cafe\/\">Repair caf\u00e9<\/a><\/li>\n<li id=\"menu-item-203\" class=\"menu-item menu-item-type-post_type menu-item-object-page menu-item-203\"><a href=\"https:\/\/rqh.be\/index.php\/ateliers-gestion-durable-de-son-logement-dans-les-maisons-temoins\/\">Ateliers \u00ab Gestion durable de son logement \u00bb dans les maisons t\u00e9moins<\/a><\/li>\n<li id=\"menu-item-204\" class=\"menu-item menu-item-type-post_type menu-item-object-page menu-item-204\"><a href=\"https:\/\/rqh.be\/index.php\/potager-dinsertion-de-la-prealle-cultiver-pour-apprendre\/\">Potager d\u2019insertion de La Pr\u00e9alle : cultiver pour apprendre<\/a><\/li>\n<li id=\"menu-item-205\" class=\"menu-item menu-item-type-post_type menu-item-object-page menu-item-205\"><a href=\"https:\/\/rqh.be\/index.php\/atelier-herstal-a-velo-la-mobilite-pas-chere\/\">Atelier Herstal \u00e0 V\u00e9lo : la mobilit\u00e9 pas ch\u00e8re<\/a><\/li>\n<li id=\"menu-item-206\" class=\"menu-item menu-item-type-post_type menu-item-object-page menu-item-206\"><a href=\"https:\/\/rqh.be\/index.php\/solderie-de-quartier-de-la-seconde-main-a-tout-petit-prix\/\">Solderie de quartier : de la seconde main \u00e0 tout petit prix<\/a><\/li>\n<\/ul><\/div>\t\t\t\t<\/div>\n\t\t\t\t<\/div>\n\t\t\t\t\t<\/div>\n\t\t<\/div>\n\t\t\t\t\t<\/div>\n\t\t<\/section>\n\t\t\t\t<\/div>\n\t\t","protected":false},"excerpt":{"rendered":"<p>Afin de sensibiliser la population \u00e0 la lutte contre le gaspillage et lui permettre d\u2019augmenter la dur\u00e9e de vie de ses petits \u00e9lectrom\u00e9nagers ou de son mat\u00e9riel informatique, un animateur vous aide \u00e0 r\u00e9parer les objets de votre quotidien autour d\u2019une bonne tasse de caf\u00e9, dans une ambiance conviviale. Le \u00ab\u00a0Repair\u00a0\u00bb peut s\u2019exporter hors de ses murs en fonction des manifestations organis\u00e9es sur Herstal mais est g\u00e9n\u00e9ralement ouvert chaque mercredi, Rue de le Mutualit\u00e9 79 \u00e0 Herstal. Les interventions de nos volontaires se font sous rendez-vous au 04\/240.19.67<\/p>\n","protected":false},"author":1,"featured_media":0,"parent":0,"menu_order":0,"comment_status":"closed","ping_status":"closed","template":"","meta":{"footnotes":""},"class_list":["post-29","page","type-page","status-publish","hentry"],"yoast_head":"<!-- This site is optimized with the Yoast SEO plugin v24.5 - https:\/\/yoast.com\/wordpress\/plugins\/seo\/ -->\n<title>Repair caf\u00e9 - R\u00e9gie des quartiers de Herstal<\/title>\n<meta name=\"robots\" content=\"index, follow, max-snippet:-1, max-image-preview:large, max-video-preview:-1\" \/>\n<link rel=\"canonical\" href=\"https:\/\/rqh.be\/index.php\/repair-cafe\/\" \/>\n<meta property=\"og:locale\" content=\"fr_FR\" \/>\n<meta property=\"og:type\" content=\"article\" \/>\n<meta property=\"og:title\" content=\"Repair caf\u00e9 - R\u00e9gie des quartiers de Herstal\" \/>\n<meta property=\"og:description\" content=\"Afin de sensibiliser la population \u00e0 la lutte contre le gaspillage et lui permettre d\u2019augmenter la dur\u00e9e de vie de ses petits \u00e9lectrom\u00e9nagers ou de son mat\u00e9riel informatique, un animateur vous aide \u00e0 r\u00e9parer les objets de votre quotidien autour d\u2019une bonne tasse de caf\u00e9, dans une ambiance conviviale. Le \u00ab\u00a0Repair\u00a0\u00bb peut s\u2019exporter hors de ses murs en fonction des manifestations organis\u00e9es sur Herstal mais est g\u00e9n\u00e9ralement ouvert chaque mercredi, Rue de le Mutualit\u00e9 79 \u00e0 Herstal. Les interventions de nos volontaires se font sous rendez-vous au 04\/240.19.67\" \/>\n<meta property=\"og:url\" content=\"https:\/\/rqh.be\/index.php\/repair-cafe\/\" \/>\n<meta property=\"og:site_name\" content=\"R\u00e9gie des quartiers de Herstal\" \/>\n<meta property=\"article:modified_time\" content=\"2025-11-28T15:40:14+00:00\" \/>\n<meta property=\"og:image\" content=\"https:\/\/rqh.be\/wp-content\/uploads\/2018\/07\/centre-administratif-herstal2.jpg\" \/>\n\t<meta property=\"og:image:width\" content=\"2000\" \/>\n\t<meta property=\"og:image:height\" content=\"941\" \/>\n\t<meta property=\"og:image:type\" content=\"image\/jpeg\" \/>\n<meta name=\"twitter:card\" content=\"summary_large_image\" \/>\n<meta name=\"twitter:label1\" content=\"Dur\u00e9e de lecture estim\u00e9e\" \/>\n\t<meta name=\"twitter:data1\" content=\"1 minute\" \/>\n<script type=\"application\/ld+json\" class=\"yoast-schema-graph\">{\"@context\":\"https:\/\/schema.org\",\"@graph\":[{\"@type\":\"WebPage\",\"@id\":\"https:\/\/rqh.be\/index.php\/repair-cafe\/\",\"url\":\"https:\/\/rqh.be\/index.php\/repair-cafe\/\",\"name\":\"Repair caf\u00e9 - R\u00e9gie des quartiers de Herstal\",\"isPartOf\":{\"@id\":\"https:\/\/rqh.be\/#website\"},\"primaryImageOfPage\":{\"@id\":\"https:\/\/rqh.be\/index.php\/repair-cafe\/#primaryimage\"},\"image\":{\"@id\":\"https:\/\/rqh.be\/index.php\/repair-cafe\/#primaryimage\"},\"thumbnailUrl\":\"http:\/\/rqh.be\/wp-content\/uploads\/2018\/07\/centre-administratif-herstal2.jpg\",\"datePublished\":\"2018-07-20T09:13:46+00:00\",\"dateModified\":\"2025-11-28T15:40:14+00:00\",\"breadcrumb\":{\"@id\":\"https:\/\/rqh.be\/index.php\/repair-cafe\/#breadcrumb\"},\"inLanguage\":\"fr-FR\",\"potentialAction\":[{\"@type\":\"ReadAction\",\"target\":[\"https:\/\/rqh.be\/index.php\/repair-cafe\/\"]}]},{\"@type\":\"ImageObject\",\"inLanguage\":\"fr-FR\",\"@id\":\"https:\/\/rqh.be\/index.php\/repair-cafe\/#primaryimage\",\"url\":\"http:\/\/rqh.be\/wp-content\/uploads\/2018\/07\/centre-administratif-herstal2.jpg\",\"contentUrl\":\"http:\/\/rqh.be\/wp-content\/uploads\/2018\/07\/centre-administratif-herstal2.jpg\"},{\"@type\":\"BreadcrumbList\",\"@id\":\"https:\/\/rqh.be\/index.php\/repair-cafe\/#breadcrumb\",\"itemListElement\":[{\"@type\":\"ListItem\",\"position\":1,\"name\":\"Accueil\",\"item\":\"https:\/\/rqh.be\/\"},{\"@type\":\"ListItem\",\"position\":2,\"name\":\"Repair caf\u00e9\"}]},{\"@type\":\"WebSite\",\"@id\":\"https:\/\/rqh.be\/#website\",\"url\":\"https:\/\/rqh.be\/\",\"name\":\"R\u00e9gie des quartiers de Herstal\",\"description\":\"Plus proches de vous\",\"potentialAction\":[{\"@type\":\"SearchAction\",\"target\":{\"@type\":\"EntryPoint\",\"urlTemplate\":\"https:\/\/rqh.be\/?s={search_term_string}\"},\"query-input\":{\"@type\":\"PropertyValueSpecification\",\"valueRequired\":true,\"valueName\":\"search_term_string\"}}],\"inLanguage\":\"fr-FR\"}]}<\/script>\n<!-- \/ Yoast SEO plugin. -->","yoast_head_json":{"title":"Repair caf\u00e9 - R\u00e9gie des quartiers de Herstal","robots":{"index":"index","follow":"follow","max-snippet":"max-snippet:-1","max-image-preview":"max-image-preview:large","max-video-preview":"max-video-preview:-1"},"canonical":"https:\/\/rqh.be\/index.php\/repair-cafe\/","og_locale":"fr_FR","og_type":"article","og_title":"Repair caf\u00e9 - R\u00e9gie des quartiers de Herstal","og_description":"Afin de sensibiliser la population \u00e0 la lutte contre le gaspillage et lui permettre d\u2019augmenter la dur\u00e9e de vie de ses petits \u00e9lectrom\u00e9nagers ou de son mat\u00e9riel informatique, un animateur vous aide \u00e0 r\u00e9parer les objets de votre quotidien autour d\u2019une bonne tasse de caf\u00e9, dans une ambiance conviviale. Le \u00ab\u00a0Repair\u00a0\u00bb peut s\u2019exporter hors de ses murs en fonction des manifestations organis\u00e9es sur Herstal mais est g\u00e9n\u00e9ralement ouvert chaque mercredi, Rue de le Mutualit\u00e9 79 \u00e0 Herstal. Les interventions de nos volontaires se font sous rendez-vous au 04\/240.19.67","og_url":"https:\/\/rqh.be\/index.php\/repair-cafe\/","og_site_name":"R\u00e9gie des quartiers de Herstal","article_modified_time":"2025-11-28T15:40:14+00:00","og_image":[{"width":2000,"height":941,"url":"https:\/\/rqh.be\/wp-content\/uploads\/2018\/07\/centre-administratif-herstal2.jpg","type":"image\/jpeg"}],"twitter_card":"summary_large_image","twitter_misc":{"Dur\u00e9e de lecture estim\u00e9e":"1 minute"},"schema":{"@context":"https:\/\/schema.org","@graph":[{"@type":"WebPage","@id":"https:\/\/rqh.be\/index.php\/repair-cafe\/","url":"https:\/\/rqh.be\/index.php\/repair-cafe\/","name":"Repair caf\u00e9 - R\u00e9gie des quartiers de Herstal","isPartOf":{"@id":"https:\/\/rqh.be\/#website"},"primaryImageOfPage":{"@id":"https:\/\/rqh.be\/index.php\/repair-cafe\/#primaryimage"},"image":{"@id":"https:\/\/rqh.be\/index.php\/repair-cafe\/#primaryimage"},"thumbnailUrl":"http:\/\/rqh.be\/wp-content\/uploads\/2018\/07\/centre-administratif-herstal2.jpg","datePublished":"2018-07-20T09:13:46+00:00","dateModified":"2025-11-28T15:40:14+00:00","breadcrumb":{"@id":"https:\/\/rqh.be\/index.php\/repair-cafe\/#breadcrumb"},"inLanguage":"fr-FR","potentialAction":[{"@type":"ReadAction","target":["https:\/\/rqh.be\/index.php\/repair-cafe\/"]}]},{"@type":"ImageObject","inLanguage":"fr-FR","@id":"https:\/\/rqh.be\/index.php\/repair-cafe\/#primaryimage","url":"http:\/\/rqh.be\/wp-content\/uploads\/2018\/07\/centre-administratif-herstal2.jpg","contentUrl":"http:\/\/rqh.be\/wp-content\/uploads\/2018\/07\/centre-administratif-herstal2.jpg"},{"@type":"BreadcrumbList","@id":"https:\/\/rqh.be\/index.php\/repair-cafe\/#breadcrumb","itemListElement":[{"@type":"ListItem","position":1,"name":"Accueil","item":"https:\/\/rqh.be\/"},{"@type":"ListItem","position":2,"name":"Repair caf\u00e9"}]},{"@type":"WebSite","@id":"https:\/\/rqh.be\/#website","url":"https:\/\/rqh.be\/","name":"R\u00e9gie des quartiers de Herstal","description":"Plus proches de vous","potentialAction":[{"@type":"SearchAction","target":{"@type":"EntryPoint","urlTemplate":"https:\/\/rqh.be\/?s={search_term_string}"},"query-input":{"@type":"PropertyValueSpecification","valueRequired":true,"valueName":"search_term_string"}}],"inLanguage":"fr-FR"}]}},"_links":{"self":[{"href":"https:\/\/rqh.be\/index.php\/wp-json\/wp\/v2\/pages\/29","targetHints":{"allow":["GET"]}}],"collection":[{"href":"https:\/\/rqh.be\/index.php\/wp-json\/wp\/v2\/pages"}],"about":[{"href":"https:\/\/rqh.be\/index.php\/wp-json\/wp\/v2\/types\/page"}],"author":[{"embeddable":true,"href":"https:\/\/rqh.be\/index.php\/wp-json\/wp\/v2\/users\/1"}],"replies":[{"embeddable":true,"href":"https:\/\/rqh.be\/index.php\/wp-json\/wp\/v2\/comments?post=29"}],"version-history":[{"count":14,"href":"https:\/\/rqh.be\/index.php\/wp-json\/wp\/v2\/pages\/29\/revisions"}],"predecessor-version":[{"id":695,"href":"https:\/\/rqh.be\/index.php\/wp-json\/wp\/v2\/pages\/29\/revisions\/695"}],"wp:attachment":[{"href":"https:\/\/rqh.be\/index.php\/wp-json\/wp\/v2\/media?parent=29"}],"curies":[{"name":"wp","href":"https:\/\/api.w.org\/{rel}","templated":true}]}}