{"id":31,"date":"2018-07-20T11:17:54","date_gmt":"2018-07-20T09:17:54","guid":{"rendered":"http:\/\/rqh.be\/?page_id=31"},"modified":"2023-08-16T17:47:19","modified_gmt":"2023-08-16T15:47:19","slug":"location-doutils","status":"publish","type":"page","link":"https:\/\/rqh.be\/index.php\/location-doutils\/","title":{"rendered":"Location d\u2019outils"},"content":{"rendered":"\t\t<div data-elementor-type=\"wp-post\" data-elementor-id=\"31\" class=\"elementor elementor-31\">\n\t\t\t\t\t\t<section class=\"elementor-section elementor-top-section elementor-element elementor-element-a472900 elementor-section-stretched elementor-section-full_width elementor-section-height-default elementor-section-height-default\" data-id=\"a472900\" data-element_type=\"section\" data-settings=\"{&quot;stretch_section&quot;:&quot;section-stretched&quot;}\">\n\t\t\t\t\t\t<div class=\"elementor-container elementor-column-gap-default\">\n\t\t\t\t\t<div class=\"elementor-column elementor-col-100 elementor-top-column elementor-element elementor-element-6d249b62\" data-id=\"6d249b62\" data-element_type=\"column\">\n\t\t\t<div class=\"elementor-widget-wrap elementor-element-populated\">\n\t\t\t\t\t\t<div class=\"elementor-element elementor-element-2ef0c7ae elementor-widget elementor-widget-image\" data-id=\"2ef0c7ae\" data-element_type=\"widget\" data-widget_type=\"image.default\">\n\t\t\t\t<div class=\"elementor-widget-container\">\n\t\t\t\t\t\t\t\t\t\t\t\t\t\t\t<img fetchpriority=\"high\" decoding=\"async\" width=\"2000\" height=\"941\" src=\"https:\/\/rqh.be\/wp-content\/uploads\/2018\/07\/centre-administratif-herstal2.jpg\" class=\"attachment-full size-full wp-image-86\" alt=\"\" srcset=\"https:\/\/rqh.be\/wp-content\/uploads\/2018\/07\/centre-administratif-herstal2.jpg 2000w, https:\/\/rqh.be\/wp-content\/uploads\/2018\/07\/centre-administratif-herstal2-300x141.jpg 300w, https:\/\/rqh.be\/wp-content\/uploads\/2018\/07\/centre-administratif-herstal2-768x361.jpg 768w, https:\/\/rqh.be\/wp-content\/uploads\/2018\/07\/centre-administratif-herstal2-1024x482.jpg 1024w, https:\/\/rqh.be\/wp-content\/uploads\/2018\/07\/centre-administratif-herstal2-800x376.jpg 800w\" sizes=\"(max-width: 2000px) 100vw, 2000px\" \/>\t\t\t\t\t\t\t\t\t\t\t\t\t\t\t<\/div>\n\t\t\t\t<\/div>\n\t\t\t\t\t<\/div>\n\t\t<\/div>\n\t\t\t\t\t<\/div>\n\t\t<\/section>\n\t\t\t\t<section class=\"elementor-section elementor-top-section elementor-element elementor-element-249e123f elementor-section-boxed elementor-section-height-default elementor-section-height-default\" data-id=\"249e123f\" data-element_type=\"section\">\n\t\t\t\t\t\t<div class=\"elementor-container elementor-column-gap-default\">\n\t\t\t\t\t<div class=\"elementor-column elementor-col-66 elementor-top-column elementor-element elementor-element-1a01351f\" data-id=\"1a01351f\" data-element_type=\"column\">\n\t\t\t<div class=\"elementor-widget-wrap elementor-element-populated\">\n\t\t\t\t\t\t<div class=\"elementor-element elementor-element-bce2ddd elementor-widget elementor-widget-text-editor\" data-id=\"bce2ddd\" data-element_type=\"widget\" data-widget_type=\"text-editor.default\">\n\t\t\t\t<div class=\"elementor-widget-container\">\n\t\t\t\t\t\t\t\t\t<p>Vous habitez Herstal et vous avez une pelouse \u00e0 tondre mais pas de tondeuse\u00a0? Vous avez besoin d\u2019une ponceuse mais pas envie d\u2019en acheter une parce que vous vous en servez 1 fois par an\u00a0? Vous cherchez du mat\u00e9riel de mara\u00eechage \u00e0 utiliser une fois de temps en temps\u00a0?<\/p><p>N\u2019h\u00e9sitez pas \u00e0 contacter notre atelier de location de petit outillage. A prix modique et contre une petite caution, il vous permet de vous d\u00e9panner rapidement.<\/p><p>Il est ouvert chaque jour de la semaine, de 9h \u00e0 16h et est situ\u00e9 Rue de la Mutualit\u00e9 79 \u00e0 Herstal.<\/p><p>Plus d\u2019informations ? 04\/240.19.67 et le catalogue ici : <a href=\"https:\/\/rqh.be\/wp-content\/uploads\/2020\/09\/catalogue-location-sociale-doutils-2019-PDF-1.pdf\" class=\"pdfemb-viewer\" style=\"\" data-width=\"max\" data-height=\"max\" data-toolbar=\"bottom\" data-toolbar-fixed=\"off\">catalogue &#8211; location sociale d&#039;outils 2019<\/a><\/p><p>Avec le soutien de la Ville de Herstal.<\/p>\t\t\t\t\t\t\t\t<\/div>\n\t\t\t\t<\/div>\n\t\t\t\t\t<\/div>\n\t\t<\/div>\n\t\t\t\t<div class=\"elementor-column elementor-col-33 elementor-top-column elementor-element elementor-element-2a836756\" data-id=\"2a836756\" data-element_type=\"column\">\n\t\t\t<div class=\"elementor-widget-wrap elementor-element-populated\">\n\t\t\t\t\t\t<div class=\"elementor-element elementor-element-3948e0a2 elementor-widget elementor-widget-wp-widget-nav_menu\" data-id=\"3948e0a2\" data-element_type=\"widget\" data-widget_type=\"wp-widget-nav_menu.default\">\n\t\t\t\t<div class=\"elementor-widget-container\">\n\t\t\t\t\t<h5>Projets de quartier<\/h5><div class=\"menu-projets-de-quartier-container\"><ul id=\"menu-projets-de-quartier\" class=\"menu\"><li id=\"menu-item-198\" class=\"menu-item menu-item-type-post_type menu-item-object-page menu-item-198\"><a href=\"https:\/\/rqh.be\/index.php\/les-festivites-de-quartiers\/\">Les festivit\u00e9s de quartiers<\/a><\/li>\n<li id=\"menu-item-199\" class=\"menu-item menu-item-type-post_type menu-item-object-page menu-item-199\"><a href=\"https:\/\/rqh.be\/index.php\/le-petit-marche-bio-et-local\/\">Le petit march\u00e9 bio et local<\/a><\/li>\n<li id=\"menu-item-200\" class=\"menu-item menu-item-type-post_type menu-item-object-page menu-item-200\"><a href=\"https:\/\/rqh.be\/index.php\/les-jardins-de-la-mutualite-de-la-detente-a-linsertion\/\">Les Jardins de la Mutualit\u00e9 : de la d\u00e9tente \u00e0 l\u2019insertion<\/a><\/li>\n<li id=\"menu-item-201\" class=\"menu-item menu-item-type-post_type menu-item-object-page menu-item-201\"><a href=\"https:\/\/rqh.be\/index.php\/location-doutils\/\">Location d\u2019outils<\/a><\/li>\n<li id=\"menu-item-202\" class=\"menu-item menu-item-type-post_type menu-item-object-page menu-item-202\"><a href=\"https:\/\/rqh.be\/index.php\/repair-cafe\/\">Repair caf\u00e9<\/a><\/li>\n<li id=\"menu-item-203\" class=\"menu-item menu-item-type-post_type menu-item-object-page menu-item-203\"><a href=\"https:\/\/rqh.be\/index.php\/ateliers-gestion-durable-de-son-logement-dans-les-maisons-temoins\/\">Ateliers \u00ab Gestion durable de son logement \u00bb dans les maisons t\u00e9moins<\/a><\/li>\n<li id=\"menu-item-204\" class=\"menu-item menu-item-type-post_type menu-item-object-page menu-item-204\"><a href=\"https:\/\/rqh.be\/index.php\/potager-dinsertion-de-la-prealle-cultiver-pour-apprendre\/\">Potager d\u2019insertion de La Pr\u00e9alle : cultiver pour apprendre<\/a><\/li>\n<li id=\"menu-item-205\" class=\"menu-item menu-item-type-post_type menu-item-object-page menu-item-205\"><a href=\"https:\/\/rqh.be\/index.php\/atelier-herstal-a-velo-la-mobilite-pas-chere\/\">Atelier Herstal \u00e0 V\u00e9lo : la mobilit\u00e9 pas ch\u00e8re<\/a><\/li>\n<li id=\"menu-item-206\" class=\"menu-item menu-item-type-post_type menu-item-object-page menu-item-206\"><a href=\"https:\/\/rqh.be\/index.php\/solderie-de-quartier-de-la-seconde-main-a-tout-petit-prix\/\">Solderie de quartier : de la seconde main \u00e0 tout petit prix<\/a><\/li>\n<\/ul><\/div>\t\t\t\t<\/div>\n\t\t\t\t<\/div>\n\t\t\t\t\t<\/div>\n\t\t<\/div>\n\t\t\t\t\t<\/div>\n\t\t<\/section>\n\t\t\t\t<\/div>\n\t\t","protected":false},"excerpt":{"rendered":"<p>Vous habitez Herstal et vous avez une pelouse \u00e0 tondre mais pas de tondeuse\u00a0? Vous avez besoin d\u2019une ponceuse mais pas envie d\u2019en acheter une parce que vous vous en servez 1 fois par an\u00a0? Vous cherchez du mat\u00e9riel de mara\u00eechage \u00e0 utiliser une fois de temps en temps\u00a0? N\u2019h\u00e9sitez pas \u00e0 contacter notre atelier de location de petit outillage. A prix modique et contre une petite caution, il vous permet de vous d\u00e9panner rapidement. Il est ouvert chaque jour de la semaine, de 9h \u00e0 16h et est situ\u00e9 Rue de la Mutualit\u00e9 79 \u00e0 Herstal. Plus d\u2019informations ? 04\/240.19.67 et le catalogue ici : Avec le soutien de la Ville de Herstal.<\/p>\n","protected":false},"author":1,"featured_media":0,"parent":0,"menu_order":0,"comment_status":"closed","ping_status":"closed","template":"","meta":{"footnotes":""},"class_list":["post-31","page","type-page","status-publish","hentry"],"yoast_head":"<!-- This site is optimized with the Yoast SEO plugin v24.5 - https:\/\/yoast.com\/wordpress\/plugins\/seo\/ -->\n<title>Location d\u2019outils - R\u00e9gie des quartiers de Herstal<\/title>\n<meta name=\"robots\" content=\"index, follow, max-snippet:-1, max-image-preview:large, max-video-preview:-1\" \/>\n<link rel=\"canonical\" href=\"https:\/\/rqh.be\/index.php\/location-doutils\/\" \/>\n<meta property=\"og:locale\" content=\"fr_FR\" \/>\n<meta property=\"og:type\" content=\"article\" \/>\n<meta property=\"og:title\" content=\"Location d\u2019outils - R\u00e9gie des quartiers de Herstal\" \/>\n<meta property=\"og:description\" content=\"Vous habitez Herstal et vous avez une pelouse \u00e0 tondre mais pas de tondeuse\u00a0? Vous avez besoin d\u2019une ponceuse mais pas envie d\u2019en acheter une parce que vous vous en servez 1 fois par an\u00a0? Vous cherchez du mat\u00e9riel de mara\u00eechage \u00e0 utiliser une fois de temps en temps\u00a0? N\u2019h\u00e9sitez pas \u00e0 contacter notre atelier de location de petit outillage. A prix modique et contre une petite caution, il vous permet de vous d\u00e9panner rapidement. Il est ouvert chaque jour de la semaine, de 9h \u00e0 16h et est situ\u00e9 Rue de la Mutualit\u00e9 79 \u00e0 Herstal. Plus d\u2019informations ? 04\/240.19.67 et le catalogue ici : Avec le soutien de la Ville de Herstal.\" \/>\n<meta property=\"og:url\" content=\"https:\/\/rqh.be\/index.php\/location-doutils\/\" \/>\n<meta property=\"og:site_name\" content=\"R\u00e9gie des quartiers de Herstal\" \/>\n<meta property=\"article:modified_time\" content=\"2023-08-16T15:47:19+00:00\" \/>\n<meta property=\"og:image\" content=\"http:\/\/rqh.be\/wp-content\/uploads\/2018\/07\/centre-administratif-herstal2.jpg\" \/>\n<meta name=\"twitter:card\" content=\"summary_large_image\" \/>\n<meta name=\"twitter:label1\" content=\"Dur\u00e9e de lecture estim\u00e9e\" \/>\n\t<meta name=\"twitter:data1\" content=\"2 minutes\" \/>\n<script type=\"application\/ld+json\" class=\"yoast-schema-graph\">{\"@context\":\"https:\/\/schema.org\",\"@graph\":[{\"@type\":\"WebPage\",\"@id\":\"https:\/\/rqh.be\/index.php\/location-doutils\/\",\"url\":\"https:\/\/rqh.be\/index.php\/location-doutils\/\",\"name\":\"Location d\u2019outils - R\u00e9gie des quartiers de Herstal\",\"isPartOf\":{\"@id\":\"https:\/\/rqh.be\/#website\"},\"primaryImageOfPage\":{\"@id\":\"https:\/\/rqh.be\/index.php\/location-doutils\/#primaryimage\"},\"image\":{\"@id\":\"https:\/\/rqh.be\/index.php\/location-doutils\/#primaryimage\"},\"thumbnailUrl\":\"http:\/\/rqh.be\/wp-content\/uploads\/2018\/07\/centre-administratif-herstal2.jpg\",\"datePublished\":\"2018-07-20T09:17:54+00:00\",\"dateModified\":\"2023-08-16T15:47:19+00:00\",\"breadcrumb\":{\"@id\":\"https:\/\/rqh.be\/index.php\/location-doutils\/#breadcrumb\"},\"inLanguage\":\"fr-FR\",\"potentialAction\":[{\"@type\":\"ReadAction\",\"target\":[\"https:\/\/rqh.be\/index.php\/location-doutils\/\"]}]},{\"@type\":\"ImageObject\",\"inLanguage\":\"fr-FR\",\"@id\":\"https:\/\/rqh.be\/index.php\/location-doutils\/#primaryimage\",\"url\":\"http:\/\/rqh.be\/wp-content\/uploads\/2018\/07\/centre-administratif-herstal2.jpg\",\"contentUrl\":\"http:\/\/rqh.be\/wp-content\/uploads\/2018\/07\/centre-administratif-herstal2.jpg\"},{\"@type\":\"BreadcrumbList\",\"@id\":\"https:\/\/rqh.be\/index.php\/location-doutils\/#breadcrumb\",\"itemListElement\":[{\"@type\":\"ListItem\",\"position\":1,\"name\":\"Accueil\",\"item\":\"https:\/\/rqh.be\/\"},{\"@type\":\"ListItem\",\"position\":2,\"name\":\"Location d\u2019outils\"}]},{\"@type\":\"WebSite\",\"@id\":\"https:\/\/rqh.be\/#website\",\"url\":\"https:\/\/rqh.be\/\",\"name\":\"R\u00e9gie des quartiers de Herstal\",\"description\":\"Plus proches de vous\",\"potentialAction\":[{\"@type\":\"SearchAction\",\"target\":{\"@type\":\"EntryPoint\",\"urlTemplate\":\"https:\/\/rqh.be\/?s={search_term_string}\"},\"query-input\":{\"@type\":\"PropertyValueSpecification\",\"valueRequired\":true,\"valueName\":\"search_term_string\"}}],\"inLanguage\":\"fr-FR\"}]}<\/script>\n<!-- \/ Yoast SEO plugin. -->","yoast_head_json":{"title":"Location d\u2019outils - R\u00e9gie des quartiers de Herstal","robots":{"index":"index","follow":"follow","max-snippet":"max-snippet:-1","max-image-preview":"max-image-preview:large","max-video-preview":"max-video-preview:-1"},"canonical":"https:\/\/rqh.be\/index.php\/location-doutils\/","og_locale":"fr_FR","og_type":"article","og_title":"Location d\u2019outils - R\u00e9gie des quartiers de Herstal","og_description":"Vous habitez Herstal et vous avez une pelouse \u00e0 tondre mais pas de tondeuse\u00a0? Vous avez besoin d\u2019une ponceuse mais pas envie d\u2019en acheter une parce que vous vous en servez 1 fois par an\u00a0? Vous cherchez du mat\u00e9riel de mara\u00eechage \u00e0 utiliser une fois de temps en temps\u00a0? N\u2019h\u00e9sitez pas \u00e0 contacter notre atelier de location de petit outillage. A prix modique et contre une petite caution, il vous permet de vous d\u00e9panner rapidement. Il est ouvert chaque jour de la semaine, de 9h \u00e0 16h et est situ\u00e9 Rue de la Mutualit\u00e9 79 \u00e0 Herstal. Plus d\u2019informations ? 04\/240.19.67 et le catalogue ici : Avec le soutien de la Ville de Herstal.","og_url":"https:\/\/rqh.be\/index.php\/location-doutils\/","og_site_name":"R\u00e9gie des quartiers de Herstal","article_modified_time":"2023-08-16T15:47:19+00:00","og_image":[{"url":"http:\/\/rqh.be\/wp-content\/uploads\/2018\/07\/centre-administratif-herstal2.jpg","type":"","width":"","height":""}],"twitter_card":"summary_large_image","twitter_misc":{"Dur\u00e9e de lecture estim\u00e9e":"2 minutes"},"schema":{"@context":"https:\/\/schema.org","@graph":[{"@type":"WebPage","@id":"https:\/\/rqh.be\/index.php\/location-doutils\/","url":"https:\/\/rqh.be\/index.php\/location-doutils\/","name":"Location d\u2019outils - R\u00e9gie des quartiers de Herstal","isPartOf":{"@id":"https:\/\/rqh.be\/#website"},"primaryImageOfPage":{"@id":"https:\/\/rqh.be\/index.php\/location-doutils\/#primaryimage"},"image":{"@id":"https:\/\/rqh.be\/index.php\/location-doutils\/#primaryimage"},"thumbnailUrl":"http:\/\/rqh.be\/wp-content\/uploads\/2018\/07\/centre-administratif-herstal2.jpg","datePublished":"2018-07-20T09:17:54+00:00","dateModified":"2023-08-16T15:47:19+00:00","breadcrumb":{"@id":"https:\/\/rqh.be\/index.php\/location-doutils\/#breadcrumb"},"inLanguage":"fr-FR","potentialAction":[{"@type":"ReadAction","target":["https:\/\/rqh.be\/index.php\/location-doutils\/"]}]},{"@type":"ImageObject","inLanguage":"fr-FR","@id":"https:\/\/rqh.be\/index.php\/location-doutils\/#primaryimage","url":"http:\/\/rqh.be\/wp-content\/uploads\/2018\/07\/centre-administratif-herstal2.jpg","contentUrl":"http:\/\/rqh.be\/wp-content\/uploads\/2018\/07\/centre-administratif-herstal2.jpg"},{"@type":"BreadcrumbList","@id":"https:\/\/rqh.be\/index.php\/location-doutils\/#breadcrumb","itemListElement":[{"@type":"ListItem","position":1,"name":"Accueil","item":"https:\/\/rqh.be\/"},{"@type":"ListItem","position":2,"name":"Location d\u2019outils"}]},{"@type":"WebSite","@id":"https:\/\/rqh.be\/#website","url":"https:\/\/rqh.be\/","name":"R\u00e9gie des quartiers de Herstal","description":"Plus proches de vous","potentialAction":[{"@type":"SearchAction","target":{"@type":"EntryPoint","urlTemplate":"https:\/\/rqh.be\/?s={search_term_string}"},"query-input":{"@type":"PropertyValueSpecification","valueRequired":true,"valueName":"search_term_string"}}],"inLanguage":"fr-FR"}]}},"_links":{"self":[{"href":"https:\/\/rqh.be\/index.php\/wp-json\/wp\/v2\/pages\/31","targetHints":{"allow":["GET"]}}],"collection":[{"href":"https:\/\/rqh.be\/index.php\/wp-json\/wp\/v2\/pages"}],"about":[{"href":"https:\/\/rqh.be\/index.php\/wp-json\/wp\/v2\/types\/page"}],"author":[{"embeddable":true,"href":"https:\/\/rqh.be\/index.php\/wp-json\/wp\/v2\/users\/1"}],"replies":[{"embeddable":true,"href":"https:\/\/rqh.be\/index.php\/wp-json\/wp\/v2\/comments?post=31"}],"version-history":[{"count":10,"href":"https:\/\/rqh.be\/index.php\/wp-json\/wp\/v2\/pages\/31\/revisions"}],"predecessor-version":[{"id":632,"href":"https:\/\/rqh.be\/index.php\/wp-json\/wp\/v2\/pages\/31\/revisions\/632"}],"wp:attachment":[{"href":"https:\/\/rqh.be\/index.php\/wp-json\/wp\/v2\/media?parent=31"}],"curies":[{"name":"wp","href":"https:\/\/api.w.org\/{rel}","templated":true}]}}