{"id":35,"date":"2018-07-20T11:18:47","date_gmt":"2018-07-20T09:18:47","guid":{"rendered":"http:\/\/rqh.be\/?page_id=35"},"modified":"2023-08-16T17:42:40","modified_gmt":"2023-08-16T15:42:40","slug":"le-petit-marche-bio-et-local","status":"publish","type":"page","link":"https:\/\/rqh.be\/index.php\/le-petit-marche-bio-et-local\/","title":{"rendered":"Le petit march\u00e9 bio et local"},"content":{"rendered":"\t\t<div data-elementor-type=\"wp-post\" data-elementor-id=\"35\" class=\"elementor elementor-35\">\n\t\t\t\t\t\t<section class=\"elementor-section elementor-top-section elementor-element elementor-element-a7dd23d elementor-section-stretched elementor-section-full_width elementor-section-height-default elementor-section-height-default\" data-id=\"a7dd23d\" data-element_type=\"section\" data-settings=\"{&quot;stretch_section&quot;:&quot;section-stretched&quot;}\">\n\t\t\t\t\t\t<div class=\"elementor-container elementor-column-gap-default\">\n\t\t\t\t\t<div class=\"elementor-column elementor-col-100 elementor-top-column elementor-element elementor-element-3a5f5445\" data-id=\"3a5f5445\" data-element_type=\"column\">\n\t\t\t<div class=\"elementor-widget-wrap\">\n\t\t\t\t\t\t\t<\/div>\n\t\t<\/div>\n\t\t\t\t\t<\/div>\n\t\t<\/section>\n\t\t\t\t<section class=\"elementor-section elementor-top-section elementor-element elementor-element-59e2c399 elementor-section-boxed elementor-section-height-default elementor-section-height-default\" data-id=\"59e2c399\" data-element_type=\"section\">\n\t\t\t\t\t\t<div class=\"elementor-container elementor-column-gap-default\">\n\t\t\t\t\t<div class=\"elementor-column elementor-col-66 elementor-top-column elementor-element elementor-element-22fe4b0f\" data-id=\"22fe4b0f\" data-element_type=\"column\">\n\t\t\t<div class=\"elementor-widget-wrap elementor-element-populated\">\n\t\t\t\t\t\t<div class=\"elementor-element elementor-element-2baefcdb elementor-widget elementor-widget-text-editor\" data-id=\"2baefcdb\" data-element_type=\"widget\" data-widget_type=\"text-editor.default\">\n\t\t\t\t<div class=\"elementor-widget-container\">\n\t\t\t\t\t\t\t\t\t<p>Dernier n\u00e9 des projets de la R.Q.H., le petit march\u00e9 Biosocial est ouvert, en saison, <strong>chaque mercredi de 15h \u00e0 16h<\/strong> dans les Jardins de la Mutualit\u00e9.<\/p><p>Il propose des fruits et l\u00e9gumes de saison, cultiv\u00e9s naturellement et issus des potagers tout proches. A partir de nos r\u00e9coltes, de la soupe fra\u00eeche, des compotes et des confitures sont aussi propos\u00e9es \u00e0 la vente, \u00e0 petits prix.<\/p><p>Pour \u00e9viter tout gaspillage, les invendus sont distribu\u00e9s aux services du CPAS.<\/p><p>Plus d\u2019informations\u00a0? 04\/240.19.67<\/p>\t\t\t\t\t\t\t\t<\/div>\n\t\t\t\t<\/div>\n\t\t\t\t\t<\/div>\n\t\t<\/div>\n\t\t\t\t<div class=\"elementor-column elementor-col-33 elementor-top-column elementor-element elementor-element-558eb7a1\" data-id=\"558eb7a1\" data-element_type=\"column\">\n\t\t\t<div class=\"elementor-widget-wrap elementor-element-populated\">\n\t\t\t\t\t\t<div class=\"elementor-element elementor-element-3e2c797d elementor-widget elementor-widget-wp-widget-nav_menu\" data-id=\"3e2c797d\" data-element_type=\"widget\" data-widget_type=\"wp-widget-nav_menu.default\">\n\t\t\t\t<div class=\"elementor-widget-container\">\n\t\t\t\t\t<h5>Projets de quartier<\/h5><div class=\"menu-projets-de-quartier-container\"><ul id=\"menu-projets-de-quartier\" class=\"menu\"><li id=\"menu-item-198\" class=\"menu-item menu-item-type-post_type menu-item-object-page menu-item-198\"><a href=\"https:\/\/rqh.be\/index.php\/les-festivites-de-quartiers\/\">Les festivit\u00e9s de quartiers<\/a><\/li>\n<li id=\"menu-item-199\" class=\"menu-item menu-item-type-post_type menu-item-object-page menu-item-199\"><a href=\"https:\/\/rqh.be\/index.php\/le-petit-marche-bio-et-local\/\">Le petit march\u00e9 bio et local<\/a><\/li>\n<li id=\"menu-item-200\" class=\"menu-item menu-item-type-post_type menu-item-object-page menu-item-200\"><a href=\"https:\/\/rqh.be\/index.php\/les-jardins-de-la-mutualite-de-la-detente-a-linsertion\/\">Les Jardins de la Mutualit\u00e9 : de la d\u00e9tente \u00e0 l\u2019insertion<\/a><\/li>\n<li id=\"menu-item-201\" class=\"menu-item menu-item-type-post_type menu-item-object-page menu-item-201\"><a href=\"https:\/\/rqh.be\/index.php\/location-doutils\/\">Location d\u2019outils<\/a><\/li>\n<li id=\"menu-item-202\" class=\"menu-item menu-item-type-post_type menu-item-object-page menu-item-202\"><a href=\"https:\/\/rqh.be\/index.php\/repair-cafe\/\">Repair caf\u00e9<\/a><\/li>\n<li id=\"menu-item-203\" class=\"menu-item menu-item-type-post_type menu-item-object-page menu-item-203\"><a href=\"https:\/\/rqh.be\/index.php\/ateliers-gestion-durable-de-son-logement-dans-les-maisons-temoins\/\">Ateliers \u00ab Gestion durable de son logement \u00bb dans les maisons t\u00e9moins<\/a><\/li>\n<li id=\"menu-item-204\" class=\"menu-item menu-item-type-post_type menu-item-object-page menu-item-204\"><a href=\"https:\/\/rqh.be\/index.php\/potager-dinsertion-de-la-prealle-cultiver-pour-apprendre\/\">Potager d\u2019insertion de La Pr\u00e9alle : cultiver pour apprendre<\/a><\/li>\n<li id=\"menu-item-205\" class=\"menu-item menu-item-type-post_type menu-item-object-page menu-item-205\"><a href=\"https:\/\/rqh.be\/index.php\/atelier-herstal-a-velo-la-mobilite-pas-chere\/\">Atelier Herstal \u00e0 V\u00e9lo : la mobilit\u00e9 pas ch\u00e8re<\/a><\/li>\n<li id=\"menu-item-206\" class=\"menu-item menu-item-type-post_type menu-item-object-page menu-item-206\"><a href=\"https:\/\/rqh.be\/index.php\/solderie-de-quartier-de-la-seconde-main-a-tout-petit-prix\/\">Solderie de quartier : de la seconde main \u00e0 tout petit prix<\/a><\/li>\n<\/ul><\/div>\t\t\t\t<\/div>\n\t\t\t\t<\/div>\n\t\t\t\t\t<\/div>\n\t\t<\/div>\n\t\t\t\t\t<\/div>\n\t\t<\/section>\n\t\t\t\t<\/div>\n\t\t","protected":false},"excerpt":{"rendered":"<p>Dernier n\u00e9 des projets de la R.Q.H., le petit march\u00e9 Biosocial est ouvert, en saison, chaque mercredi de 15h \u00e0 16h dans les Jardins de la Mutualit\u00e9. Il propose des fruits et l\u00e9gumes de saison, cultiv\u00e9s naturellement et issus des potagers tout proches. A partir de nos r\u00e9coltes, de la soupe fra\u00eeche, des compotes et des confitures sont aussi propos\u00e9es \u00e0 la vente, \u00e0 petits prix. Pour \u00e9viter tout gaspillage, les invendus sont distribu\u00e9s aux services du CPAS. Plus d\u2019informations\u00a0? 04\/240.19.67<\/p>\n","protected":false},"author":1,"featured_media":0,"parent":0,"menu_order":0,"comment_status":"closed","ping_status":"closed","template":"","meta":{"footnotes":""},"class_list":["post-35","page","type-page","status-publish","hentry"],"yoast_head":"<!-- This site is optimized with the Yoast SEO plugin v24.5 - https:\/\/yoast.com\/wordpress\/plugins\/seo\/ -->\n<title>Le petit march\u00e9 bio et local - R\u00e9gie des quartiers de Herstal<\/title>\n<meta name=\"robots\" content=\"index, follow, max-snippet:-1, max-image-preview:large, max-video-preview:-1\" \/>\n<link rel=\"canonical\" href=\"https:\/\/rqh.be\/index.php\/le-petit-marche-bio-et-local\/\" \/>\n<meta property=\"og:locale\" content=\"fr_FR\" \/>\n<meta property=\"og:type\" content=\"article\" \/>\n<meta property=\"og:title\" content=\"Le petit march\u00e9 bio et local - R\u00e9gie des quartiers de Herstal\" \/>\n<meta property=\"og:description\" content=\"Dernier n\u00e9 des projets de la R.Q.H., le petit march\u00e9 Biosocial est ouvert, en saison, chaque mercredi de 15h \u00e0 16h dans les Jardins de la Mutualit\u00e9. Il propose des fruits et l\u00e9gumes de saison, cultiv\u00e9s naturellement et issus des potagers tout proches. A partir de nos r\u00e9coltes, de la soupe fra\u00eeche, des compotes et des confitures sont aussi propos\u00e9es \u00e0 la vente, \u00e0 petits prix. Pour \u00e9viter tout gaspillage, les invendus sont distribu\u00e9s aux services du CPAS. Plus d\u2019informations\u00a0? 04\/240.19.67\" \/>\n<meta property=\"og:url\" content=\"https:\/\/rqh.be\/index.php\/le-petit-marche-bio-et-local\/\" \/>\n<meta property=\"og:site_name\" content=\"R\u00e9gie des quartiers de Herstal\" \/>\n<meta property=\"article:modified_time\" content=\"2023-08-16T15:42:40+00:00\" \/>\n<meta name=\"twitter:card\" content=\"summary_large_image\" \/>\n<meta name=\"twitter:label1\" content=\"Dur\u00e9e de lecture estim\u00e9e\" \/>\n\t<meta name=\"twitter:data1\" content=\"1 minute\" \/>\n<script type=\"application\/ld+json\" class=\"yoast-schema-graph\">{\"@context\":\"https:\/\/schema.org\",\"@graph\":[{\"@type\":\"WebPage\",\"@id\":\"https:\/\/rqh.be\/index.php\/le-petit-marche-bio-et-local\/\",\"url\":\"https:\/\/rqh.be\/index.php\/le-petit-marche-bio-et-local\/\",\"name\":\"Le petit march\u00e9 bio et local - R\u00e9gie des quartiers de Herstal\",\"isPartOf\":{\"@id\":\"https:\/\/rqh.be\/#website\"},\"datePublished\":\"2018-07-20T09:18:47+00:00\",\"dateModified\":\"2023-08-16T15:42:40+00:00\",\"breadcrumb\":{\"@id\":\"https:\/\/rqh.be\/index.php\/le-petit-marche-bio-et-local\/#breadcrumb\"},\"inLanguage\":\"fr-FR\",\"potentialAction\":[{\"@type\":\"ReadAction\",\"target\":[\"https:\/\/rqh.be\/index.php\/le-petit-marche-bio-et-local\/\"]}]},{\"@type\":\"BreadcrumbList\",\"@id\":\"https:\/\/rqh.be\/index.php\/le-petit-marche-bio-et-local\/#breadcrumb\",\"itemListElement\":[{\"@type\":\"ListItem\",\"position\":1,\"name\":\"Accueil\",\"item\":\"https:\/\/rqh.be\/\"},{\"@type\":\"ListItem\",\"position\":2,\"name\":\"Le petit march\u00e9 bio et local\"}]},{\"@type\":\"WebSite\",\"@id\":\"https:\/\/rqh.be\/#website\",\"url\":\"https:\/\/rqh.be\/\",\"name\":\"R\u00e9gie des quartiers de Herstal\",\"description\":\"Plus proches de vous\",\"potentialAction\":[{\"@type\":\"SearchAction\",\"target\":{\"@type\":\"EntryPoint\",\"urlTemplate\":\"https:\/\/rqh.be\/?s={search_term_string}\"},\"query-input\":{\"@type\":\"PropertyValueSpecification\",\"valueRequired\":true,\"valueName\":\"search_term_string\"}}],\"inLanguage\":\"fr-FR\"}]}<\/script>\n<!-- \/ Yoast SEO plugin. -->","yoast_head_json":{"title":"Le petit march\u00e9 bio et local - R\u00e9gie des quartiers de Herstal","robots":{"index":"index","follow":"follow","max-snippet":"max-snippet:-1","max-image-preview":"max-image-preview:large","max-video-preview":"max-video-preview:-1"},"canonical":"https:\/\/rqh.be\/index.php\/le-petit-marche-bio-et-local\/","og_locale":"fr_FR","og_type":"article","og_title":"Le petit march\u00e9 bio et local - R\u00e9gie des quartiers de Herstal","og_description":"Dernier n\u00e9 des projets de la R.Q.H., le petit march\u00e9 Biosocial est ouvert, en saison, chaque mercredi de 15h \u00e0 16h dans les Jardins de la Mutualit\u00e9. Il propose des fruits et l\u00e9gumes de saison, cultiv\u00e9s naturellement et issus des potagers tout proches. A partir de nos r\u00e9coltes, de la soupe fra\u00eeche, des compotes et des confitures sont aussi propos\u00e9es \u00e0 la vente, \u00e0 petits prix. Pour \u00e9viter tout gaspillage, les invendus sont distribu\u00e9s aux services du CPAS. Plus d\u2019informations\u00a0? 04\/240.19.67","og_url":"https:\/\/rqh.be\/index.php\/le-petit-marche-bio-et-local\/","og_site_name":"R\u00e9gie des quartiers de Herstal","article_modified_time":"2023-08-16T15:42:40+00:00","twitter_card":"summary_large_image","twitter_misc":{"Dur\u00e9e de lecture estim\u00e9e":"1 minute"},"schema":{"@context":"https:\/\/schema.org","@graph":[{"@type":"WebPage","@id":"https:\/\/rqh.be\/index.php\/le-petit-marche-bio-et-local\/","url":"https:\/\/rqh.be\/index.php\/le-petit-marche-bio-et-local\/","name":"Le petit march\u00e9 bio et local - R\u00e9gie des quartiers de Herstal","isPartOf":{"@id":"https:\/\/rqh.be\/#website"},"datePublished":"2018-07-20T09:18:47+00:00","dateModified":"2023-08-16T15:42:40+00:00","breadcrumb":{"@id":"https:\/\/rqh.be\/index.php\/le-petit-marche-bio-et-local\/#breadcrumb"},"inLanguage":"fr-FR","potentialAction":[{"@type":"ReadAction","target":["https:\/\/rqh.be\/index.php\/le-petit-marche-bio-et-local\/"]}]},{"@type":"BreadcrumbList","@id":"https:\/\/rqh.be\/index.php\/le-petit-marche-bio-et-local\/#breadcrumb","itemListElement":[{"@type":"ListItem","position":1,"name":"Accueil","item":"https:\/\/rqh.be\/"},{"@type":"ListItem","position":2,"name":"Le petit march\u00e9 bio et local"}]},{"@type":"WebSite","@id":"https:\/\/rqh.be\/#website","url":"https:\/\/rqh.be\/","name":"R\u00e9gie des quartiers de Herstal","description":"Plus proches de vous","potentialAction":[{"@type":"SearchAction","target":{"@type":"EntryPoint","urlTemplate":"https:\/\/rqh.be\/?s={search_term_string}"},"query-input":{"@type":"PropertyValueSpecification","valueRequired":true,"valueName":"search_term_string"}}],"inLanguage":"fr-FR"}]}},"_links":{"self":[{"href":"https:\/\/rqh.be\/index.php\/wp-json\/wp\/v2\/pages\/35","targetHints":{"allow":["GET"]}}],"collection":[{"href":"https:\/\/rqh.be\/index.php\/wp-json\/wp\/v2\/pages"}],"about":[{"href":"https:\/\/rqh.be\/index.php\/wp-json\/wp\/v2\/types\/page"}],"author":[{"embeddable":true,"href":"https:\/\/rqh.be\/index.php\/wp-json\/wp\/v2\/users\/1"}],"replies":[{"embeddable":true,"href":"https:\/\/rqh.be\/index.php\/wp-json\/wp\/v2\/comments?post=35"}],"version-history":[{"count":9,"href":"https:\/\/rqh.be\/index.php\/wp-json\/wp\/v2\/pages\/35\/revisions"}],"predecessor-version":[{"id":620,"href":"https:\/\/rqh.be\/index.php\/wp-json\/wp\/v2\/pages\/35\/revisions\/620"}],"wp:attachment":[{"href":"https:\/\/rqh.be\/index.php\/wp-json\/wp\/v2\/media?parent=35"}],"curies":[{"name":"wp","href":"https:\/\/api.w.org\/{rel}","templated":true}]}}