{"id":37,"date":"2018-07-20T11:19:17","date_gmt":"2018-07-20T09:19:17","guid":{"rendered":"http:\/\/rqh.be\/?page_id=37"},"modified":"2023-08-16T17:43:24","modified_gmt":"2023-08-16T15:43:24","slug":"les-festivites-de-quartiers","status":"publish","type":"page","link":"https:\/\/rqh.be\/index.php\/les-festivites-de-quartiers\/","title":{"rendered":"Les festivit\u00e9s de quartiers"},"content":{"rendered":"\t\t<div data-elementor-type=\"wp-post\" data-elementor-id=\"37\" class=\"elementor elementor-37\">\n\t\t\t\t\t\t<section class=\"elementor-section elementor-top-section elementor-element elementor-element-17e19287 elementor-section-stretched elementor-section-full_width elementor-section-height-default elementor-section-height-default\" data-id=\"17e19287\" data-element_type=\"section\" data-settings=\"{&quot;stretch_section&quot;:&quot;section-stretched&quot;}\">\n\t\t\t\t\t\t<div class=\"elementor-container elementor-column-gap-default\">\n\t\t\t\t\t<div class=\"elementor-column elementor-col-100 elementor-top-column elementor-element elementor-element-75c66d1f\" data-id=\"75c66d1f\" data-element_type=\"column\">\n\t\t\t<div class=\"elementor-widget-wrap elementor-element-populated\">\n\t\t\t\t\t\t<div class=\"elementor-element elementor-element-725aa2bb elementor-widget elementor-widget-image\" data-id=\"725aa2bb\" data-element_type=\"widget\" data-widget_type=\"image.default\">\n\t\t\t\t<div class=\"elementor-widget-container\">\n\t\t\t\t\t\t\t\t\t\t\t\t\t\t\t<img fetchpriority=\"high\" decoding=\"async\" width=\"2000\" height=\"941\" src=\"https:\/\/rqh.be\/wp-content\/uploads\/2018\/07\/centre-administratif-herstal2.jpg\" class=\"attachment-full size-full wp-image-86\" alt=\"\" srcset=\"https:\/\/rqh.be\/wp-content\/uploads\/2018\/07\/centre-administratif-herstal2.jpg 2000w, https:\/\/rqh.be\/wp-content\/uploads\/2018\/07\/centre-administratif-herstal2-300x141.jpg 300w, https:\/\/rqh.be\/wp-content\/uploads\/2018\/07\/centre-administratif-herstal2-768x361.jpg 768w, https:\/\/rqh.be\/wp-content\/uploads\/2018\/07\/centre-administratif-herstal2-1024x482.jpg 1024w, https:\/\/rqh.be\/wp-content\/uploads\/2018\/07\/centre-administratif-herstal2-800x376.jpg 800w\" sizes=\"(max-width: 2000px) 100vw, 2000px\" \/>\t\t\t\t\t\t\t\t\t\t\t\t\t\t\t<\/div>\n\t\t\t\t<\/div>\n\t\t\t\t\t<\/div>\n\t\t<\/div>\n\t\t\t\t\t<\/div>\n\t\t<\/section>\n\t\t\t\t<section class=\"elementor-section elementor-top-section elementor-element elementor-element-1a3f1ab1 elementor-section-boxed elementor-section-height-default elementor-section-height-default\" data-id=\"1a3f1ab1\" data-element_type=\"section\">\n\t\t\t\t\t\t<div class=\"elementor-container elementor-column-gap-default\">\n\t\t\t\t\t<div class=\"elementor-column elementor-col-66 elementor-top-column elementor-element elementor-element-4f6ace1a\" data-id=\"4f6ace1a\" data-element_type=\"column\">\n\t\t\t<div class=\"elementor-widget-wrap elementor-element-populated\">\n\t\t\t\t\t\t<div class=\"elementor-element elementor-element-21f25c6 elementor-widget elementor-widget-text-editor\" data-id=\"21f25c6\" data-element_type=\"widget\" data-widget_type=\"text-editor.default\">\n\t\t\t\t<div class=\"elementor-widget-container\">\n\t\t\t\t\t\t\t\t\t<p>La f\u00eate des voisins, Halloween, les Monts en f\u00eate, la f\u00eate m\u00e9di\u00e9vale \u2026 sont autant de festivit\u00e9s auxquels la R.Q.H. participent, soit comme organisateur soit comme partenaire.<\/p><p>Apportant bien souvent un soutien pour la logistique ou l\u2019animation, le personnel et les stagiaires s\u2019impliquent avec motivation et bonne humeur dans ces festivit\u00e9s essentielles au vivre ensemble dans les quartiers.<\/p>\t\t\t\t\t\t\t\t<\/div>\n\t\t\t\t<\/div>\n\t\t\t\t\t<\/div>\n\t\t<\/div>\n\t\t\t\t<div class=\"elementor-column elementor-col-33 elementor-top-column elementor-element elementor-element-4b91845d\" data-id=\"4b91845d\" data-element_type=\"column\">\n\t\t\t<div class=\"elementor-widget-wrap elementor-element-populated\">\n\t\t\t\t\t\t<div class=\"elementor-element elementor-element-4e83814c elementor-widget elementor-widget-wp-widget-nav_menu\" data-id=\"4e83814c\" data-element_type=\"widget\" data-widget_type=\"wp-widget-nav_menu.default\">\n\t\t\t\t<div class=\"elementor-widget-container\">\n\t\t\t\t\t<h5>Projets de quartier<\/h5><div class=\"menu-projets-de-quartier-container\"><ul id=\"menu-projets-de-quartier\" class=\"menu\"><li id=\"menu-item-198\" class=\"menu-item menu-item-type-post_type menu-item-object-page menu-item-198\"><a href=\"https:\/\/rqh.be\/index.php\/les-festivites-de-quartiers\/\">Les festivit\u00e9s de quartiers<\/a><\/li>\n<li id=\"menu-item-199\" class=\"menu-item menu-item-type-post_type menu-item-object-page menu-item-199\"><a href=\"https:\/\/rqh.be\/index.php\/le-petit-marche-bio-et-local\/\">Le petit march\u00e9 bio et local<\/a><\/li>\n<li id=\"menu-item-200\" class=\"menu-item menu-item-type-post_type menu-item-object-page menu-item-200\"><a href=\"https:\/\/rqh.be\/index.php\/les-jardins-de-la-mutualite-de-la-detente-a-linsertion\/\">Les Jardins de la Mutualit\u00e9 : de la d\u00e9tente \u00e0 l\u2019insertion<\/a><\/li>\n<li id=\"menu-item-201\" class=\"menu-item menu-item-type-post_type menu-item-object-page menu-item-201\"><a href=\"https:\/\/rqh.be\/index.php\/location-doutils\/\">Location d\u2019outils<\/a><\/li>\n<li id=\"menu-item-202\" class=\"menu-item menu-item-type-post_type menu-item-object-page menu-item-202\"><a href=\"https:\/\/rqh.be\/index.php\/repair-cafe\/\">Repair caf\u00e9<\/a><\/li>\n<li id=\"menu-item-203\" class=\"menu-item menu-item-type-post_type menu-item-object-page menu-item-203\"><a href=\"https:\/\/rqh.be\/index.php\/ateliers-gestion-durable-de-son-logement-dans-les-maisons-temoins\/\">Ateliers \u00ab Gestion durable de son logement \u00bb dans les maisons t\u00e9moins<\/a><\/li>\n<li id=\"menu-item-204\" class=\"menu-item menu-item-type-post_type menu-item-object-page menu-item-204\"><a href=\"https:\/\/rqh.be\/index.php\/potager-dinsertion-de-la-prealle-cultiver-pour-apprendre\/\">Potager d\u2019insertion de La Pr\u00e9alle : cultiver pour apprendre<\/a><\/li>\n<li id=\"menu-item-205\" class=\"menu-item menu-item-type-post_type menu-item-object-page menu-item-205\"><a href=\"https:\/\/rqh.be\/index.php\/atelier-herstal-a-velo-la-mobilite-pas-chere\/\">Atelier Herstal \u00e0 V\u00e9lo : la mobilit\u00e9 pas ch\u00e8re<\/a><\/li>\n<li id=\"menu-item-206\" class=\"menu-item menu-item-type-post_type menu-item-object-page menu-item-206\"><a href=\"https:\/\/rqh.be\/index.php\/solderie-de-quartier-de-la-seconde-main-a-tout-petit-prix\/\">Solderie de quartier : de la seconde main \u00e0 tout petit prix<\/a><\/li>\n<\/ul><\/div>\t\t\t\t<\/div>\n\t\t\t\t<\/div>\n\t\t\t\t\t<\/div>\n\t\t<\/div>\n\t\t\t\t\t<\/div>\n\t\t<\/section>\n\t\t\t\t<\/div>\n\t\t","protected":false},"excerpt":{"rendered":"<p>La f\u00eate des voisins, Halloween, les Monts en f\u00eate, la f\u00eate m\u00e9di\u00e9vale \u2026 sont autant de festivit\u00e9s auxquels la R.Q.H. participent, soit comme organisateur soit comme partenaire. Apportant bien souvent un soutien pour la logistique ou l\u2019animation, le personnel et les stagiaires s\u2019impliquent avec motivation et bonne humeur dans ces festivit\u00e9s essentielles au vivre ensemble dans les quartiers.<\/p>\n","protected":false},"author":1,"featured_media":0,"parent":0,"menu_order":0,"comment_status":"closed","ping_status":"closed","template":"","meta":{"footnotes":""},"class_list":["post-37","page","type-page","status-publish","hentry"],"yoast_head":"<!-- This site is optimized with the Yoast SEO plugin v24.5 - https:\/\/yoast.com\/wordpress\/plugins\/seo\/ -->\n<title>Les festivit\u00e9s de quartiers - R\u00e9gie des quartiers de Herstal<\/title>\n<meta name=\"robots\" content=\"index, follow, max-snippet:-1, max-image-preview:large, max-video-preview:-1\" \/>\n<link rel=\"canonical\" href=\"https:\/\/rqh.be\/index.php\/les-festivites-de-quartiers\/\" \/>\n<meta property=\"og:locale\" content=\"fr_FR\" \/>\n<meta property=\"og:type\" content=\"article\" \/>\n<meta property=\"og:title\" content=\"Les festivit\u00e9s de quartiers - R\u00e9gie des quartiers de Herstal\" \/>\n<meta property=\"og:description\" content=\"La f\u00eate des voisins, Halloween, les Monts en f\u00eate, la f\u00eate m\u00e9di\u00e9vale \u2026 sont autant de festivit\u00e9s auxquels la R.Q.H. participent, soit comme organisateur soit comme partenaire. Apportant bien souvent un soutien pour la logistique ou l\u2019animation, le personnel et les stagiaires s\u2019impliquent avec motivation et bonne humeur dans ces festivit\u00e9s essentielles au vivre ensemble dans les quartiers.\" \/>\n<meta property=\"og:url\" content=\"https:\/\/rqh.be\/index.php\/les-festivites-de-quartiers\/\" \/>\n<meta property=\"og:site_name\" content=\"R\u00e9gie des quartiers de Herstal\" \/>\n<meta property=\"article:modified_time\" content=\"2023-08-16T15:43:24+00:00\" \/>\n<meta property=\"og:image\" content=\"http:\/\/rqh.be\/wp-content\/uploads\/2018\/07\/centre-administratif-herstal2.jpg\" \/>\n<meta name=\"twitter:card\" content=\"summary_large_image\" \/>\n<meta name=\"twitter:label1\" content=\"Dur\u00e9e de lecture estim\u00e9e\" \/>\n\t<meta name=\"twitter:data1\" content=\"1 minute\" \/>\n<script type=\"application\/ld+json\" class=\"yoast-schema-graph\">{\"@context\":\"https:\/\/schema.org\",\"@graph\":[{\"@type\":\"WebPage\",\"@id\":\"https:\/\/rqh.be\/index.php\/les-festivites-de-quartiers\/\",\"url\":\"https:\/\/rqh.be\/index.php\/les-festivites-de-quartiers\/\",\"name\":\"Les festivit\u00e9s de quartiers - R\u00e9gie des quartiers de Herstal\",\"isPartOf\":{\"@id\":\"https:\/\/rqh.be\/#website\"},\"primaryImageOfPage\":{\"@id\":\"https:\/\/rqh.be\/index.php\/les-festivites-de-quartiers\/#primaryimage\"},\"image\":{\"@id\":\"https:\/\/rqh.be\/index.php\/les-festivites-de-quartiers\/#primaryimage\"},\"thumbnailUrl\":\"http:\/\/rqh.be\/wp-content\/uploads\/2018\/07\/centre-administratif-herstal2.jpg\",\"datePublished\":\"2018-07-20T09:19:17+00:00\",\"dateModified\":\"2023-08-16T15:43:24+00:00\",\"breadcrumb\":{\"@id\":\"https:\/\/rqh.be\/index.php\/les-festivites-de-quartiers\/#breadcrumb\"},\"inLanguage\":\"fr-FR\",\"potentialAction\":[{\"@type\":\"ReadAction\",\"target\":[\"https:\/\/rqh.be\/index.php\/les-festivites-de-quartiers\/\"]}]},{\"@type\":\"ImageObject\",\"inLanguage\":\"fr-FR\",\"@id\":\"https:\/\/rqh.be\/index.php\/les-festivites-de-quartiers\/#primaryimage\",\"url\":\"http:\/\/rqh.be\/wp-content\/uploads\/2018\/07\/centre-administratif-herstal2.jpg\",\"contentUrl\":\"http:\/\/rqh.be\/wp-content\/uploads\/2018\/07\/centre-administratif-herstal2.jpg\"},{\"@type\":\"BreadcrumbList\",\"@id\":\"https:\/\/rqh.be\/index.php\/les-festivites-de-quartiers\/#breadcrumb\",\"itemListElement\":[{\"@type\":\"ListItem\",\"position\":1,\"name\":\"Accueil\",\"item\":\"https:\/\/rqh.be\/\"},{\"@type\":\"ListItem\",\"position\":2,\"name\":\"Les festivit\u00e9s de quartiers\"}]},{\"@type\":\"WebSite\",\"@id\":\"https:\/\/rqh.be\/#website\",\"url\":\"https:\/\/rqh.be\/\",\"name\":\"R\u00e9gie des quartiers de Herstal\",\"description\":\"Plus proches de vous\",\"potentialAction\":[{\"@type\":\"SearchAction\",\"target\":{\"@type\":\"EntryPoint\",\"urlTemplate\":\"https:\/\/rqh.be\/?s={search_term_string}\"},\"query-input\":{\"@type\":\"PropertyValueSpecification\",\"valueRequired\":true,\"valueName\":\"search_term_string\"}}],\"inLanguage\":\"fr-FR\"}]}<\/script>\n<!-- \/ Yoast SEO plugin. -->","yoast_head_json":{"title":"Les festivit\u00e9s de quartiers - R\u00e9gie des quartiers de Herstal","robots":{"index":"index","follow":"follow","max-snippet":"max-snippet:-1","max-image-preview":"max-image-preview:large","max-video-preview":"max-video-preview:-1"},"canonical":"https:\/\/rqh.be\/index.php\/les-festivites-de-quartiers\/","og_locale":"fr_FR","og_type":"article","og_title":"Les festivit\u00e9s de quartiers - R\u00e9gie des quartiers de Herstal","og_description":"La f\u00eate des voisins, Halloween, les Monts en f\u00eate, la f\u00eate m\u00e9di\u00e9vale \u2026 sont autant de festivit\u00e9s auxquels la R.Q.H. participent, soit comme organisateur soit comme partenaire. Apportant bien souvent un soutien pour la logistique ou l\u2019animation, le personnel et les stagiaires s\u2019impliquent avec motivation et bonne humeur dans ces festivit\u00e9s essentielles au vivre ensemble dans les quartiers.","og_url":"https:\/\/rqh.be\/index.php\/les-festivites-de-quartiers\/","og_site_name":"R\u00e9gie des quartiers de Herstal","article_modified_time":"2023-08-16T15:43:24+00:00","og_image":[{"url":"http:\/\/rqh.be\/wp-content\/uploads\/2018\/07\/centre-administratif-herstal2.jpg","type":"","width":"","height":""}],"twitter_card":"summary_large_image","twitter_misc":{"Dur\u00e9e de lecture estim\u00e9e":"1 minute"},"schema":{"@context":"https:\/\/schema.org","@graph":[{"@type":"WebPage","@id":"https:\/\/rqh.be\/index.php\/les-festivites-de-quartiers\/","url":"https:\/\/rqh.be\/index.php\/les-festivites-de-quartiers\/","name":"Les festivit\u00e9s de quartiers - R\u00e9gie des quartiers de Herstal","isPartOf":{"@id":"https:\/\/rqh.be\/#website"},"primaryImageOfPage":{"@id":"https:\/\/rqh.be\/index.php\/les-festivites-de-quartiers\/#primaryimage"},"image":{"@id":"https:\/\/rqh.be\/index.php\/les-festivites-de-quartiers\/#primaryimage"},"thumbnailUrl":"http:\/\/rqh.be\/wp-content\/uploads\/2018\/07\/centre-administratif-herstal2.jpg","datePublished":"2018-07-20T09:19:17+00:00","dateModified":"2023-08-16T15:43:24+00:00","breadcrumb":{"@id":"https:\/\/rqh.be\/index.php\/les-festivites-de-quartiers\/#breadcrumb"},"inLanguage":"fr-FR","potentialAction":[{"@type":"ReadAction","target":["https:\/\/rqh.be\/index.php\/les-festivites-de-quartiers\/"]}]},{"@type":"ImageObject","inLanguage":"fr-FR","@id":"https:\/\/rqh.be\/index.php\/les-festivites-de-quartiers\/#primaryimage","url":"http:\/\/rqh.be\/wp-content\/uploads\/2018\/07\/centre-administratif-herstal2.jpg","contentUrl":"http:\/\/rqh.be\/wp-content\/uploads\/2018\/07\/centre-administratif-herstal2.jpg"},{"@type":"BreadcrumbList","@id":"https:\/\/rqh.be\/index.php\/les-festivites-de-quartiers\/#breadcrumb","itemListElement":[{"@type":"ListItem","position":1,"name":"Accueil","item":"https:\/\/rqh.be\/"},{"@type":"ListItem","position":2,"name":"Les festivit\u00e9s de quartiers"}]},{"@type":"WebSite","@id":"https:\/\/rqh.be\/#website","url":"https:\/\/rqh.be\/","name":"R\u00e9gie des quartiers de Herstal","description":"Plus proches de vous","potentialAction":[{"@type":"SearchAction","target":{"@type":"EntryPoint","urlTemplate":"https:\/\/rqh.be\/?s={search_term_string}"},"query-input":{"@type":"PropertyValueSpecification","valueRequired":true,"valueName":"search_term_string"}}],"inLanguage":"fr-FR"}]}},"_links":{"self":[{"href":"https:\/\/rqh.be\/index.php\/wp-json\/wp\/v2\/pages\/37","targetHints":{"allow":["GET"]}}],"collection":[{"href":"https:\/\/rqh.be\/index.php\/wp-json\/wp\/v2\/pages"}],"about":[{"href":"https:\/\/rqh.be\/index.php\/wp-json\/wp\/v2\/types\/page"}],"author":[{"embeddable":true,"href":"https:\/\/rqh.be\/index.php\/wp-json\/wp\/v2\/users\/1"}],"replies":[{"embeddable":true,"href":"https:\/\/rqh.be\/index.php\/wp-json\/wp\/v2\/comments?post=37"}],"version-history":[{"count":5,"href":"https:\/\/rqh.be\/index.php\/wp-json\/wp\/v2\/pages\/37\/revisions"}],"predecessor-version":[{"id":623,"href":"https:\/\/rqh.be\/index.php\/wp-json\/wp\/v2\/pages\/37\/revisions\/623"}],"wp:attachment":[{"href":"https:\/\/rqh.be\/index.php\/wp-json\/wp\/v2\/media?parent=37"}],"curies":[{"name":"wp","href":"https:\/\/api.w.org\/{rel}","templated":true}]}}