{"id":41,"date":"2018-07-20T11:21:55","date_gmt":"2018-07-20T09:21:55","guid":{"rendered":"http:\/\/rqh.be\/?page_id=41"},"modified":"2022-09-05T14:12:15","modified_gmt":"2022-09-05T12:12:15","slug":"de-qui-se-compose-la-r-q-h","status":"publish","type":"page","link":"https:\/\/rqh.be\/index.php\/de-qui-se-compose-la-r-q-h\/","title":{"rendered":"De qui se compose la R.Q.H. ?"},"content":{"rendered":"<h2><strong>Son Conseil d\u2019administration<\/strong>\u00a0:<\/h2>\n<p>Il est compos\u00e9 de repr\u00e9sentants de la Ville de Herstal, du CPAS de Herstal et de la Soci\u00e9t\u00e9 R\u00e9gionale du Logement de Herstal. Des repr\u00e9sentants des habitants (Comit\u00e9 Consultatif des Locataires et des Propri\u00e9taires), du banc syndical et patronal sont \u00e9galement pr\u00e9sents. Enfin, le FOREM et le Fonds du Logement de Wallonie y d\u00e9l\u00e8guent chacun un observateur.<\/p>\n<h2><strong>Son personnel\u00a0:<\/strong><\/h2>\n<ul>\n<li>6 formateurs et 2 aides \u00e0 la formation<\/li>\n<li>2 m\u00e9diatrices sociales et gestionnaires de projets<\/li>\n<li>1 animatrice et gestionnaire de projets<\/li>\n<li>2 assistantes administratives<\/li>\n<li>1 vendeuse<\/li>\n<li>1 directeur<\/li>\n<\/ul>\n<h2><strong>Ses stagiaires\u00a0:<\/strong><\/h2>\n<p>La r\u00e9gie a accueilli un peu moins de 100 personnes sous contrat de formation l\u2019ann\u00e9e derni\u00e8re.<\/p>\n<p>En moyenne, chaque formation accueille 8 \u00e0 10 personnes par groupe.<\/p>\n<h2><strong>Les habitants\u00a0de nos quartiers : <\/strong><\/h2>\n<p>Qui, \u00e0 travers leur implication dans nos activit\u00e9s, sont les principaux acteurs de la R.Q.H. et donc, au centre de notre attention.<\/p>\n","protected":false},"excerpt":{"rendered":"<p>Son Conseil d\u2019administration\u00a0: Il est compos\u00e9 de repr\u00e9sentants de la Ville de Herstal, du CPAS de Herstal et de la Soci\u00e9t\u00e9 R\u00e9gionale du Logement de Herstal. Des repr\u00e9sentants des habitants (Comit\u00e9 Consultatif des Locataires et des Propri\u00e9taires), du banc syndical et patronal sont \u00e9galement pr\u00e9sents. Enfin, le FOREM et le Fonds du Logement de Wallonie y d\u00e9l\u00e8guent chacun un observateur. Son personnel\u00a0: 6 formateurs et 2 aides \u00e0 la formation 2 m\u00e9diatrices sociales et gestionnaires de projets 1 animatrice et gestionnaire de projets 2 assistantes administratives 1 vendeuse 1 directeur Ses stagiaires\u00a0: La r\u00e9gie a accueilli un peu moins de 100 personnes sous contrat de formation l\u2019ann\u00e9e derni\u00e8re. En moyenne, chaque formation accueille 8 \u00e0 10 personnes par groupe. Les habitants\u00a0de nos quartiers : Qui, \u00e0 travers leur implication dans nos activit\u00e9s, sont les principaux acteurs de la R.Q.H. et donc, au centre de notre attention.<\/p>\n","protected":false},"author":1,"featured_media":0,"parent":0,"menu_order":0,"comment_status":"closed","ping_status":"closed","template":"","meta":{"footnotes":""},"class_list":["post-41","page","type-page","status-publish","hentry"],"yoast_head":"<!-- This site is optimized with the Yoast SEO plugin v24.5 - https:\/\/yoast.com\/wordpress\/plugins\/seo\/ -->\n<title>De qui se compose la R.Q.H. ? - R\u00e9gie des quartiers de Herstal<\/title>\n<meta name=\"robots\" content=\"index, follow, max-snippet:-1, max-image-preview:large, max-video-preview:-1\" \/>\n<link rel=\"canonical\" href=\"https:\/\/rqh.be\/index.php\/de-qui-se-compose-la-r-q-h\/\" \/>\n<meta property=\"og:locale\" content=\"fr_FR\" \/>\n<meta property=\"og:type\" content=\"article\" \/>\n<meta property=\"og:title\" content=\"De qui se compose la R.Q.H. ? - R\u00e9gie des quartiers de Herstal\" \/>\n<meta property=\"og:description\" content=\"Son Conseil d\u2019administration\u00a0: Il est compos\u00e9 de repr\u00e9sentants de la Ville de Herstal, du CPAS de Herstal et de la Soci\u00e9t\u00e9 R\u00e9gionale du Logement de Herstal. Des repr\u00e9sentants des habitants (Comit\u00e9 Consultatif des Locataires et des Propri\u00e9taires), du banc syndical et patronal sont \u00e9galement pr\u00e9sents. Enfin, le FOREM et le Fonds du Logement de Wallonie y d\u00e9l\u00e8guent chacun un observateur. Son personnel\u00a0: 6 formateurs et 2 aides \u00e0 la formation 2 m\u00e9diatrices sociales et gestionnaires de projets 1 animatrice et gestionnaire de projets 2 assistantes administratives 1 vendeuse 1 directeur Ses stagiaires\u00a0: La r\u00e9gie a accueilli un peu moins de 100 personnes sous contrat de formation l\u2019ann\u00e9e derni\u00e8re. En moyenne, chaque formation accueille 8 \u00e0 10 personnes par groupe. Les habitants\u00a0de nos quartiers : Qui, \u00e0 travers leur implication dans nos activit\u00e9s, sont les principaux acteurs de la R.Q.H. et donc, au centre de notre attention.\" \/>\n<meta property=\"og:url\" content=\"https:\/\/rqh.be\/index.php\/de-qui-se-compose-la-r-q-h\/\" \/>\n<meta property=\"og:site_name\" content=\"R\u00e9gie des quartiers de Herstal\" \/>\n<meta property=\"article:modified_time\" content=\"2022-09-05T12:12:15+00:00\" \/>\n<meta name=\"twitter:card\" content=\"summary_large_image\" \/>\n<meta name=\"twitter:label1\" content=\"Dur\u00e9e de lecture estim\u00e9e\" \/>\n\t<meta name=\"twitter:data1\" content=\"1 minute\" \/>\n<script type=\"application\/ld+json\" class=\"yoast-schema-graph\">{\"@context\":\"https:\/\/schema.org\",\"@graph\":[{\"@type\":\"WebPage\",\"@id\":\"https:\/\/rqh.be\/index.php\/de-qui-se-compose-la-r-q-h\/\",\"url\":\"https:\/\/rqh.be\/index.php\/de-qui-se-compose-la-r-q-h\/\",\"name\":\"De qui se compose la R.Q.H. ? - R\u00e9gie des quartiers de Herstal\",\"isPartOf\":{\"@id\":\"https:\/\/rqh.be\/#website\"},\"datePublished\":\"2018-07-20T09:21:55+00:00\",\"dateModified\":\"2022-09-05T12:12:15+00:00\",\"breadcrumb\":{\"@id\":\"https:\/\/rqh.be\/index.php\/de-qui-se-compose-la-r-q-h\/#breadcrumb\"},\"inLanguage\":\"fr-FR\",\"potentialAction\":[{\"@type\":\"ReadAction\",\"target\":[\"https:\/\/rqh.be\/index.php\/de-qui-se-compose-la-r-q-h\/\"]}]},{\"@type\":\"BreadcrumbList\",\"@id\":\"https:\/\/rqh.be\/index.php\/de-qui-se-compose-la-r-q-h\/#breadcrumb\",\"itemListElement\":[{\"@type\":\"ListItem\",\"position\":1,\"name\":\"Accueil\",\"item\":\"https:\/\/rqh.be\/\"},{\"@type\":\"ListItem\",\"position\":2,\"name\":\"De qui se compose la R.Q.H. ?\"}]},{\"@type\":\"WebSite\",\"@id\":\"https:\/\/rqh.be\/#website\",\"url\":\"https:\/\/rqh.be\/\",\"name\":\"R\u00e9gie des quartiers de Herstal\",\"description\":\"Plus proches de vous\",\"potentialAction\":[{\"@type\":\"SearchAction\",\"target\":{\"@type\":\"EntryPoint\",\"urlTemplate\":\"https:\/\/rqh.be\/?s={search_term_string}\"},\"query-input\":{\"@type\":\"PropertyValueSpecification\",\"valueRequired\":true,\"valueName\":\"search_term_string\"}}],\"inLanguage\":\"fr-FR\"}]}<\/script>\n<!-- \/ Yoast SEO plugin. -->","yoast_head_json":{"title":"De qui se compose la R.Q.H. ? - R\u00e9gie des quartiers de Herstal","robots":{"index":"index","follow":"follow","max-snippet":"max-snippet:-1","max-image-preview":"max-image-preview:large","max-video-preview":"max-video-preview:-1"},"canonical":"https:\/\/rqh.be\/index.php\/de-qui-se-compose-la-r-q-h\/","og_locale":"fr_FR","og_type":"article","og_title":"De qui se compose la R.Q.H. ? - R\u00e9gie des quartiers de Herstal","og_description":"Son Conseil d\u2019administration\u00a0: Il est compos\u00e9 de repr\u00e9sentants de la Ville de Herstal, du CPAS de Herstal et de la Soci\u00e9t\u00e9 R\u00e9gionale du Logement de Herstal. Des repr\u00e9sentants des habitants (Comit\u00e9 Consultatif des Locataires et des Propri\u00e9taires), du banc syndical et patronal sont \u00e9galement pr\u00e9sents. Enfin, le FOREM et le Fonds du Logement de Wallonie y d\u00e9l\u00e8guent chacun un observateur. Son personnel\u00a0: 6 formateurs et 2 aides \u00e0 la formation 2 m\u00e9diatrices sociales et gestionnaires de projets 1 animatrice et gestionnaire de projets 2 assistantes administratives 1 vendeuse 1 directeur Ses stagiaires\u00a0: La r\u00e9gie a accueilli un peu moins de 100 personnes sous contrat de formation l\u2019ann\u00e9e derni\u00e8re. En moyenne, chaque formation accueille 8 \u00e0 10 personnes par groupe. Les habitants\u00a0de nos quartiers : Qui, \u00e0 travers leur implication dans nos activit\u00e9s, sont les principaux acteurs de la R.Q.H. et donc, au centre de notre attention.","og_url":"https:\/\/rqh.be\/index.php\/de-qui-se-compose-la-r-q-h\/","og_site_name":"R\u00e9gie des quartiers de Herstal","article_modified_time":"2022-09-05T12:12:15+00:00","twitter_card":"summary_large_image","twitter_misc":{"Dur\u00e9e de lecture estim\u00e9e":"1 minute"},"schema":{"@context":"https:\/\/schema.org","@graph":[{"@type":"WebPage","@id":"https:\/\/rqh.be\/index.php\/de-qui-se-compose-la-r-q-h\/","url":"https:\/\/rqh.be\/index.php\/de-qui-se-compose-la-r-q-h\/","name":"De qui se compose la R.Q.H. ? - R\u00e9gie des quartiers de Herstal","isPartOf":{"@id":"https:\/\/rqh.be\/#website"},"datePublished":"2018-07-20T09:21:55+00:00","dateModified":"2022-09-05T12:12:15+00:00","breadcrumb":{"@id":"https:\/\/rqh.be\/index.php\/de-qui-se-compose-la-r-q-h\/#breadcrumb"},"inLanguage":"fr-FR","potentialAction":[{"@type":"ReadAction","target":["https:\/\/rqh.be\/index.php\/de-qui-se-compose-la-r-q-h\/"]}]},{"@type":"BreadcrumbList","@id":"https:\/\/rqh.be\/index.php\/de-qui-se-compose-la-r-q-h\/#breadcrumb","itemListElement":[{"@type":"ListItem","position":1,"name":"Accueil","item":"https:\/\/rqh.be\/"},{"@type":"ListItem","position":2,"name":"De qui se compose la R.Q.H. ?"}]},{"@type":"WebSite","@id":"https:\/\/rqh.be\/#website","url":"https:\/\/rqh.be\/","name":"R\u00e9gie des quartiers de Herstal","description":"Plus proches de vous","potentialAction":[{"@type":"SearchAction","target":{"@type":"EntryPoint","urlTemplate":"https:\/\/rqh.be\/?s={search_term_string}"},"query-input":{"@type":"PropertyValueSpecification","valueRequired":true,"valueName":"search_term_string"}}],"inLanguage":"fr-FR"}]}},"_links":{"self":[{"href":"https:\/\/rqh.be\/index.php\/wp-json\/wp\/v2\/pages\/41","targetHints":{"allow":["GET"]}}],"collection":[{"href":"https:\/\/rqh.be\/index.php\/wp-json\/wp\/v2\/pages"}],"about":[{"href":"https:\/\/rqh.be\/index.php\/wp-json\/wp\/v2\/types\/page"}],"author":[{"embeddable":true,"href":"https:\/\/rqh.be\/index.php\/wp-json\/wp\/v2\/users\/1"}],"replies":[{"embeddable":true,"href":"https:\/\/rqh.be\/index.php\/wp-json\/wp\/v2\/comments?post=41"}],"version-history":[{"count":3,"href":"https:\/\/rqh.be\/index.php\/wp-json\/wp\/v2\/pages\/41\/revisions"}],"predecessor-version":[{"id":585,"href":"https:\/\/rqh.be\/index.php\/wp-json\/wp\/v2\/pages\/41\/revisions\/585"}],"wp:attachment":[{"href":"https:\/\/rqh.be\/index.php\/wp-json\/wp\/v2\/media?parent=41"}],"curies":[{"name":"wp","href":"https:\/\/api.w.org\/{rel}","templated":true}]}}