{"id":5,"date":"2018-07-20T10:59:28","date_gmt":"2018-07-20T08:59:28","guid":{"rendered":"http:\/\/rqh.be\/?page_id=5"},"modified":"2026-03-12T14:30:24","modified_gmt":"2026-03-12T13:30:24","slug":"accueil","status":"publish","type":"page","link":"https:\/\/rqh.be\/","title":{"rendered":"Accueil"},"content":{"rendered":"\t\t<div data-elementor-type=\"wp-post\" data-elementor-id=\"5\" class=\"elementor elementor-5\">\n\t\t\t\t\t\t<section class=\"elementor-section elementor-top-section elementor-element elementor-element-337cf107 elementor-section-boxed elementor-section-height-default elementor-section-height-default\" data-id=\"337cf107\" data-element_type=\"section\">\n\t\t\t\t\t\t<div class=\"elementor-container elementor-column-gap-default\">\n\t\t\t\t\t<div class=\"elementor-column elementor-col-100 elementor-top-column elementor-element elementor-element-1016a3ef\" data-id=\"1016a3ef\" data-element_type=\"column\">\n\t\t\t<div class=\"elementor-widget-wrap elementor-element-populated\">\n\t\t\t\t\t\t<section class=\"elementor-section elementor-inner-section elementor-element elementor-element-5032688 elementor-section-full_width elementor-section-content-middle elementor-section-height-default elementor-section-height-default\" data-id=\"5032688\" data-element_type=\"section\">\n\t\t\t\t\t\t<div class=\"elementor-container elementor-column-gap-default\">\n\t\t\t\t\t<div class=\"elementor-column elementor-col-50 elementor-inner-column elementor-element elementor-element-c861ccf\" data-id=\"c861ccf\" data-element_type=\"column\">\n\t\t\t<div class=\"elementor-widget-wrap elementor-element-populated\">\n\t\t\t\t\t\t<div class=\"elementor-element elementor-element-7e4535d bouton_accueil elementor-view-default elementor-position-top elementor-mobile-position-top elementor-invisible elementor-widget elementor-widget-icon-box\" data-id=\"7e4535d\" data-element_type=\"widget\" data-settings=\"{&quot;_animation&quot;:&quot;bounceInDown&quot;}\" data-widget_type=\"icon-box.default\">\n\t\t\t\t<div class=\"elementor-widget-container\">\n\t\t\t\t\t\t\t<div class=\"elementor-icon-box-wrapper\">\n\n\t\t\t\t\t\t<div class=\"elementor-icon-box-icon\">\n\t\t\t\t<a href=\"http:\/\/rqh.be\/index.php\/nos-formations\/\" class=\"elementor-icon\" tabindex=\"-1\" aria-label=\"Nos formations\">\n\t\t\t\t<i class=\"fa fa-mortar-board\" aria-hidden=\"true\"><\/i>\t\t\t\t<\/a>\n\t\t\t<\/div>\n\t\t\t\n\t\t\t\t\t\t<div class=\"elementor-icon-box-content\">\n\n\t\t\t\t\t\t\t\t\t<h3 class=\"elementor-icon-box-title\">\n\t\t\t\t\t\t<a href=\"http:\/\/rqh.be\/index.php\/nos-formations\/\" >\n\t\t\t\t\t\t\tNos formations\t\t\t\t\t\t<\/a>\n\t\t\t\t\t<\/h3>\n\t\t\t\t\n\t\t\t\t\t\t\t\t\t<p class=\"elementor-icon-box-description\">\n\t\t\t\t\t\tVous souhaitez suivre une formation pr\u00e8s de chez vous afin de d\u00e9crocher un emploi ? Cliquez ici et d\u00e9couvrez ce que nous organisons pour vous.\t\t\t\t\t<\/p>\n\t\t\t\t\n\t\t\t<\/div>\n\t\t\t\n\t\t<\/div>\n\t\t\t\t\t\t<\/div>\n\t\t\t\t<\/div>\n\t\t\t\t\t<\/div>\n\t\t<\/div>\n\t\t\t\t<div class=\"elementor-column elementor-col-50 elementor-inner-column elementor-element elementor-element-b9b1954\" data-id=\"b9b1954\" data-element_type=\"column\">\n\t\t\t<div class=\"elementor-widget-wrap elementor-element-populated\">\n\t\t\t\t\t\t<div class=\"elementor-element elementor-element-9689b14 bouton_accueil elementor-view-default elementor-position-top elementor-mobile-position-top elementor-invisible elementor-widget elementor-widget-icon-box\" data-id=\"9689b14\" data-element_type=\"widget\" data-settings=\"{&quot;_animation&quot;:&quot;bounceInDown&quot;}\" data-widget_type=\"icon-box.default\">\n\t\t\t\t<div class=\"elementor-widget-container\">\n\t\t\t\t\t\t\t<div class=\"elementor-icon-box-wrapper\">\n\n\t\t\t\t\t\t<div class=\"elementor-icon-box-icon\">\n\t\t\t\t<a href=\"http:\/\/rqh.be\/index.php\/projets-et-services-sur-les-quartiers-de-herstal\" class=\"elementor-icon\" tabindex=\"-1\" aria-label=\"Nos projets de quartier\">\n\t\t\t\t<i aria-hidden=\"true\" class=\"fas fa-bicycle\"><\/i>\t\t\t\t<\/a>\n\t\t\t<\/div>\n\t\t\t\n\t\t\t\t\t\t<div class=\"elementor-icon-box-content\">\n\n\t\t\t\t\t\t\t\t\t<h3 class=\"elementor-icon-box-title\">\n\t\t\t\t\t\t<a href=\"http:\/\/rqh.be\/index.php\/projets-et-services-sur-les-quartiers-de-herstal\" >\n\t\t\t\t\t\t\tNos projets de quartier\t\t\t\t\t\t<\/a>\n\t\t\t\t\t<\/h3>\n\t\t\t\t\n\t\t\t\t\t\t\t\t\t<p class=\"elementor-icon-box-description\">\n\t\t\t\t\t\tVous habitez Herstal et vous voulez d\u00e9couvrir toutes les activit\u00e9s qui auront lieu pr\u00e8s de chez vous ? Cliquez ici, c'est par l\u00e0 que \u00e7a se passe.\t\t\t\t\t<\/p>\n\t\t\t\t\n\t\t\t<\/div>\n\t\t\t\n\t\t<\/div>\n\t\t\t\t\t\t<\/div>\n\t\t\t\t<\/div>\n\t\t\t\t\t<\/div>\n\t\t<\/div>\n\t\t\t\t\t<\/div>\n\t\t<\/section>\n\t\t\t\t<div class=\"elementor-element elementor-element-ea4cf4b elementor_text elementor-widget elementor-widget-text-editor\" data-id=\"ea4cf4b\" data-element_type=\"widget\" data-widget_type=\"text-editor.default\">\n\t\t\t\t<div class=\"elementor-widget-container\">\n\t\t\t\t\t\t\t\t\t<p>La R.Q.H. est une association sans but lucratif active sur les quartiers d\u2019habitations sociales et\/ou de r\u00e9novation urbaine. Elle est un <strong>organisme d\u2019insertion par le logement<\/strong>.<\/p><p>Mise en place en 2005 par les autorit\u00e9s de la Ville, du CPAS et de la Soci\u00e9t\u00e9 R\u00e9gionale du Logement de Herstal, la R.Q.H. se compose de <strong>3 services d\u2019activit\u00e9s citoyennes (S.A.C.), implant\u00e9s sur 3 quartiers diff\u00e9rents \u00e0 <\/strong>Herstal\u00a0: le Centre, les Monts et Pontisse.<\/p><p>Soutenue \u00e0 concurrence de <b>828.739,87\u20ac<\/b> \u00a0par le Fonds Social Europ\u00e9en dans le cadre de la programmation FSE+ 22-27 pour son projet d&rsquo;institution <span style=\"color: #99cc00;\"><strong>\u00ab\u00a0pR\u00e9pare ton emploi\u00a0\u00bb<\/strong><\/span>, elle propose des activit\u00e9s de <strong>formation professionnelle<\/strong> et de <strong>redynamisation des quartiers <\/strong>avec pour souci de mettre l\u2019habitant et l\u2019int\u00e9r\u00eat g\u00e9n\u00e9ral au centre de celles-ci.<\/p><p>Pour atteindre ses buts, la R.Q.H. vise conjointement deux types d\u2019actions :<\/p><ol><li>L\u2019insertion socioprofessionnelle des demandeurs d\u2019emploi, en leur offrant une formation encadr\u00e9e par une \u00e9quipe professionnelle.<\/li><li>L\u2019am\u00e9lioration du cadre de vie, l\u2019animation, la convivialit\u00e9 et l\u2019exercice de la citoyennet\u00e9.<\/li><\/ol><p>Soutenue \u00e9galement par les autorit\u00e9s communales et la Wallonie, elle collabore \u00e9troitement avec le Forem pour ses formations et est conseill\u00e9e, financ\u00e9e et contr\u00f4l\u00e9e par le Fonds du Logement de Wallonie.<\/p><p>Les conditions d\u2019agr\u00e9ment des r\u00e9gies des quartiers sont d\u00e9finies par l<a href=\"https:\/\/www.liege.be\/fr\/telechargements\/logement\/agw-12-decembre-2013-regie-des-quartiers.pdf\">\u2019<\/a><a href=\"http:\/\/www.flw.be\/images\/FLW\/Regies_des_quartiers\/AGW-12-decembre-2013.pdf\">arr\u00eat\u00e9 du Gouvernement wallon du 12 d\u00e9cembre 2013.<\/a><\/p><p>En 2025, la RQH c&rsquo;\u00e9tait&#8230;<\/p><ul><li>54 projets diff\u00e9rents dont 29 li\u00e9s \u00e0 la politique du logement<\/li><li>93 stagiaires en formation<\/li><li>134 demandes d&rsquo;inscriptions trait\u00e9es<\/li><li>23.500 heures de formations propos\u00e9es<\/li><li>Un taux de 55% d&rsquo;insertion positive<\/li><\/ul><p>\u00a0<\/p>\t\t\t\t\t\t\t\t<\/div>\n\t\t\t\t<\/div>\n\t\t\t\t\t<\/div>\n\t\t<\/div>\n\t\t\t\t\t<\/div>\n\t\t<\/section>\n\t\t\t\t<section class=\"elementor-section elementor-top-section elementor-element elementor-element-7a75fa2 elementor-section-boxed elementor-section-height-default elementor-section-height-default\" data-id=\"7a75fa2\" data-element_type=\"section\">\n\t\t\t\t\t\t<div class=\"elementor-container elementor-column-gap-default\">\n\t\t\t\t\t<div class=\"elementor-column elementor-col-100 elementor-top-column elementor-element elementor-element-5589423\" data-id=\"5589423\" data-element_type=\"column\">\n\t\t\t<div class=\"elementor-widget-wrap elementor-element-populated\">\n\t\t\t\t\t\t<div class=\"elementor-element elementor-element-ebf4be7 elementor-widget elementor-widget-heading\" data-id=\"ebf4be7\" data-element_type=\"widget\" data-widget_type=\"heading.default\">\n\t\t\t\t<div class=\"elementor-widget-container\">\n\t\t\t\t\t<h2 class=\"elementor-heading-title elementor-size-default\">Nos r\u00e9alisations<\/h2>\t\t\t\t<\/div>\n\t\t\t\t<\/div>\n\t\t\t\t\t<\/div>\n\t\t<\/div>\n\t\t\t\t\t<\/div>\n\t\t<\/section>\n\t\t\t\t<section class=\"elementor-section elementor-top-section elementor-element elementor-element-44dfd0f elementor-section-boxed elementor-section-height-default elementor-section-height-default\" data-id=\"44dfd0f\" data-element_type=\"section\">\n\t\t\t\t\t\t<div class=\"elementor-container elementor-column-gap-default\">\n\t\t\t\t\t<div class=\"elementor-column elementor-col-100 elementor-top-column elementor-element elementor-element-0cfd3f1\" data-id=\"0cfd3f1\" data-element_type=\"column\">\n\t\t\t<div class=\"elementor-widget-wrap\">\n\t\t\t\t\t\t\t<\/div>\n\t\t<\/div>\n\t\t\t\t\t<\/div>\n\t\t<\/section>\n\t\t\t\t<\/div>\n\t\t","protected":false},"excerpt":{"rendered":"<p>Nos formations Vous souhaitez suivre une formation pr\u00e8s de chez vous afin de d\u00e9crocher un emploi ? Cliquez ici et d\u00e9couvrez ce que nous organisons pour vous. Nos projets de quartier Vous habitez Herstal et vous voulez d\u00e9couvrir toutes les activit\u00e9s qui auront lieu pr\u00e8s de chez vous ? Cliquez ici, c&rsquo;est par l\u00e0 que \u00e7a se passe. La R.Q.H. est une association sans but lucratif active sur les quartiers d\u2019habitations sociales et\/ou de r\u00e9novation urbaine. Elle est un organisme d\u2019insertion par le logement. Mise en place en 2005 par les autorit\u00e9s de la Ville, du CPAS et de la Soci\u00e9t\u00e9 R\u00e9gionale du Logement de Herstal, la R.Q.H. se compose de 3 services d\u2019activit\u00e9s citoyennes (S.A.C.), implant\u00e9s sur 3 quartiers diff\u00e9rents \u00e0 Herstal\u00a0: le Centre, les Monts et Pontisse. Soutenue \u00e0 concurrence de 828.739,87\u20ac \u00a0par le Fonds Social Europ\u00e9en dans le cadre de la programmation FSE+ 22-27 pour son projet d&rsquo;institution \u00ab\u00a0pR\u00e9pare ton emploi\u00a0\u00bb, elle propose des activit\u00e9s de formation professionnelle et de redynamisation des quartiers avec pour souci de mettre l\u2019habitant et l\u2019int\u00e9r\u00eat g\u00e9n\u00e9ral au centre de celles-ci. Pour atteindre ses buts, la R.Q.H. vise conjointement deux types d\u2019actions : L\u2019insertion socioprofessionnelle des demandeurs d\u2019emploi, en leur offrant une formation encadr\u00e9e par une \u00e9quipe professionnelle. L\u2019am\u00e9lioration du cadre de vie, l\u2019animation, la convivialit\u00e9 et l\u2019exercice de la citoyennet\u00e9. Soutenue \u00e9galement par les autorit\u00e9s communales et la Wallonie, elle collabore \u00e9troitement avec le Forem pour ses formations et est conseill\u00e9e, financ\u00e9e et contr\u00f4l\u00e9e par le Fonds du Logement de Wallonie. Les conditions d\u2019agr\u00e9ment des r\u00e9gies des quartiers sont d\u00e9finies par l\u2019arr\u00eat\u00e9 du Gouvernement wallon du 12 d\u00e9cembre 2013. En 2025, la RQH c&rsquo;\u00e9tait&#8230; 54 projets diff\u00e9rents dont 29 li\u00e9s \u00e0 la politique du logement 93 stagiaires en formation 134 demandes d&rsquo;inscriptions trait\u00e9es 23.500 heures de formations propos\u00e9es Un taux de 55% d&rsquo;insertion positive \u00a0 Nos r\u00e9alisations<\/p>\n","protected":false},"author":1,"featured_media":0,"parent":0,"menu_order":0,"comment_status":"closed","ping_status":"closed","template":"","meta":{"footnotes":""},"class_list":["post-5","page","type-page","status-publish","hentry"],"yoast_head":"<!-- This site is optimized with the Yoast SEO plugin v24.5 - https:\/\/yoast.com\/wordpress\/plugins\/seo\/ -->\n<title>Accueil - R\u00e9gie des quartiers de Herstal<\/title>\n<meta name=\"robots\" content=\"index, follow, max-snippet:-1, max-image-preview:large, max-video-preview:-1\" \/>\n<link rel=\"canonical\" href=\"https:\/\/rqh.be\/\" \/>\n<meta property=\"og:locale\" content=\"fr_FR\" \/>\n<meta property=\"og:type\" content=\"article\" \/>\n<meta property=\"og:title\" content=\"Accueil - R\u00e9gie des quartiers de Herstal\" \/>\n<meta property=\"og:description\" content=\"Nos formations Vous souhaitez suivre une formation pr\u00e8s de chez vous afin de d\u00e9crocher un emploi ? Cliquez ici et d\u00e9couvrez ce que nous organisons pour vous. Nos projets de quartier Vous habitez Herstal et vous voulez d\u00e9couvrir toutes les activit\u00e9s qui auront lieu pr\u00e8s de chez vous ? Cliquez ici, c&rsquo;est par l\u00e0 que \u00e7a se passe. La R.Q.H. est une association sans but lucratif active sur les quartiers d\u2019habitations sociales et\/ou de r\u00e9novation urbaine. Elle est un organisme d\u2019insertion par le logement. Mise en place en 2005 par les autorit\u00e9s de la Ville, du CPAS et de la Soci\u00e9t\u00e9 R\u00e9gionale du Logement de Herstal, la R.Q.H. se compose de 3 services d\u2019activit\u00e9s citoyennes (S.A.C.), implant\u00e9s sur 3 quartiers diff\u00e9rents \u00e0 Herstal\u00a0: le Centre, les Monts et Pontisse. Soutenue \u00e0 concurrence de 828.739,87\u20ac \u00a0par le Fonds Social Europ\u00e9en dans le cadre de la programmation FSE+ 22-27 pour son projet d&rsquo;institution \u00ab\u00a0pR\u00e9pare ton emploi\u00a0\u00bb, elle propose des activit\u00e9s de formation professionnelle et de redynamisation des quartiers avec pour souci de mettre l\u2019habitant et l\u2019int\u00e9r\u00eat g\u00e9n\u00e9ral au centre de celles-ci. Pour atteindre ses buts, la R.Q.H. vise conjointement deux types d\u2019actions : L\u2019insertion socioprofessionnelle des demandeurs d\u2019emploi, en leur offrant une formation encadr\u00e9e par une \u00e9quipe professionnelle. L\u2019am\u00e9lioration du cadre de vie, l\u2019animation, la convivialit\u00e9 et l\u2019exercice de la citoyennet\u00e9. Soutenue \u00e9galement par les autorit\u00e9s communales et la Wallonie, elle collabore \u00e9troitement avec le Forem pour ses formations et est conseill\u00e9e, financ\u00e9e et contr\u00f4l\u00e9e par le Fonds du Logement de Wallonie. Les conditions d\u2019agr\u00e9ment des r\u00e9gies des quartiers sont d\u00e9finies par l\u2019arr\u00eat\u00e9 du Gouvernement wallon du 12 d\u00e9cembre 2013. En 2025, la RQH c&rsquo;\u00e9tait&#8230; 54 projets diff\u00e9rents dont 29 li\u00e9s \u00e0 la politique du logement 93 stagiaires en formation 134 demandes d&rsquo;inscriptions trait\u00e9es 23.500 heures de formations propos\u00e9es Un taux de 55% d&rsquo;insertion positive \u00a0 Nos r\u00e9alisations\" \/>\n<meta property=\"og:url\" content=\"https:\/\/rqh.be\/\" \/>\n<meta property=\"og:site_name\" content=\"R\u00e9gie des quartiers de Herstal\" \/>\n<meta property=\"article:modified_time\" content=\"2026-03-12T13:30:24+00:00\" \/>\n<meta name=\"twitter:card\" content=\"summary_large_image\" \/>\n<meta name=\"twitter:label1\" content=\"Dur\u00e9e de lecture estim\u00e9e\" \/>\n\t<meta name=\"twitter:data1\" content=\"2 minutes\" \/>\n<script type=\"application\/ld+json\" class=\"yoast-schema-graph\">{\"@context\":\"https:\/\/schema.org\",\"@graph\":[{\"@type\":\"WebPage\",\"@id\":\"https:\/\/rqh.be\/\",\"url\":\"https:\/\/rqh.be\/\",\"name\":\"Accueil - R\u00e9gie des quartiers de Herstal\",\"isPartOf\":{\"@id\":\"https:\/\/rqh.be\/#website\"},\"datePublished\":\"2018-07-20T08:59:28+00:00\",\"dateModified\":\"2026-03-12T13:30:24+00:00\",\"breadcrumb\":{\"@id\":\"https:\/\/rqh.be\/#breadcrumb\"},\"inLanguage\":\"fr-FR\",\"potentialAction\":[{\"@type\":\"ReadAction\",\"target\":[\"https:\/\/rqh.be\/\"]}]},{\"@type\":\"BreadcrumbList\",\"@id\":\"https:\/\/rqh.be\/#breadcrumb\",\"itemListElement\":[{\"@type\":\"ListItem\",\"position\":1,\"name\":\"Accueil\",\"item\":\"https:\/\/rqh.be\/\"},{\"@type\":\"ListItem\",\"position\":2,\"name\":\"Accueil\"}]},{\"@type\":\"WebSite\",\"@id\":\"https:\/\/rqh.be\/#website\",\"url\":\"https:\/\/rqh.be\/\",\"name\":\"R\u00e9gie des quartiers de Herstal\",\"description\":\"Plus proches de vous\",\"potentialAction\":[{\"@type\":\"SearchAction\",\"target\":{\"@type\":\"EntryPoint\",\"urlTemplate\":\"https:\/\/rqh.be\/?s={search_term_string}\"},\"query-input\":{\"@type\":\"PropertyValueSpecification\",\"valueRequired\":true,\"valueName\":\"search_term_string\"}}],\"inLanguage\":\"fr-FR\"}]}<\/script>\n<!-- \/ Yoast SEO plugin. -->","yoast_head_json":{"title":"Accueil - R\u00e9gie des quartiers de Herstal","robots":{"index":"index","follow":"follow","max-snippet":"max-snippet:-1","max-image-preview":"max-image-preview:large","max-video-preview":"max-video-preview:-1"},"canonical":"https:\/\/rqh.be\/","og_locale":"fr_FR","og_type":"article","og_title":"Accueil - R\u00e9gie des quartiers de Herstal","og_description":"Nos formations Vous souhaitez suivre une formation pr\u00e8s de chez vous afin de d\u00e9crocher un emploi ? Cliquez ici et d\u00e9couvrez ce que nous organisons pour vous. Nos projets de quartier Vous habitez Herstal et vous voulez d\u00e9couvrir toutes les activit\u00e9s qui auront lieu pr\u00e8s de chez vous ? Cliquez ici, c&rsquo;est par l\u00e0 que \u00e7a se passe. La R.Q.H. est une association sans but lucratif active sur les quartiers d\u2019habitations sociales et\/ou de r\u00e9novation urbaine. Elle est un organisme d\u2019insertion par le logement. Mise en place en 2005 par les autorit\u00e9s de la Ville, du CPAS et de la Soci\u00e9t\u00e9 R\u00e9gionale du Logement de Herstal, la R.Q.H. se compose de 3 services d\u2019activit\u00e9s citoyennes (S.A.C.), implant\u00e9s sur 3 quartiers diff\u00e9rents \u00e0 Herstal\u00a0: le Centre, les Monts et Pontisse. Soutenue \u00e0 concurrence de 828.739,87\u20ac \u00a0par le Fonds Social Europ\u00e9en dans le cadre de la programmation FSE+ 22-27 pour son projet d&rsquo;institution \u00ab\u00a0pR\u00e9pare ton emploi\u00a0\u00bb, elle propose des activit\u00e9s de formation professionnelle et de redynamisation des quartiers avec pour souci de mettre l\u2019habitant et l\u2019int\u00e9r\u00eat g\u00e9n\u00e9ral au centre de celles-ci. Pour atteindre ses buts, la R.Q.H. vise conjointement deux types d\u2019actions : L\u2019insertion socioprofessionnelle des demandeurs d\u2019emploi, en leur offrant une formation encadr\u00e9e par une \u00e9quipe professionnelle. L\u2019am\u00e9lioration du cadre de vie, l\u2019animation, la convivialit\u00e9 et l\u2019exercice de la citoyennet\u00e9. Soutenue \u00e9galement par les autorit\u00e9s communales et la Wallonie, elle collabore \u00e9troitement avec le Forem pour ses formations et est conseill\u00e9e, financ\u00e9e et contr\u00f4l\u00e9e par le Fonds du Logement de Wallonie. Les conditions d\u2019agr\u00e9ment des r\u00e9gies des quartiers sont d\u00e9finies par l\u2019arr\u00eat\u00e9 du Gouvernement wallon du 12 d\u00e9cembre 2013. En 2025, la RQH c&rsquo;\u00e9tait&#8230; 54 projets diff\u00e9rents dont 29 li\u00e9s \u00e0 la politique du logement 93 stagiaires en formation 134 demandes d&rsquo;inscriptions trait\u00e9es 23.500 heures de formations propos\u00e9es Un taux de 55% d&rsquo;insertion positive \u00a0 Nos r\u00e9alisations","og_url":"https:\/\/rqh.be\/","og_site_name":"R\u00e9gie des quartiers de Herstal","article_modified_time":"2026-03-12T13:30:24+00:00","twitter_card":"summary_large_image","twitter_misc":{"Dur\u00e9e de lecture estim\u00e9e":"2 minutes"},"schema":{"@context":"https:\/\/schema.org","@graph":[{"@type":"WebPage","@id":"https:\/\/rqh.be\/","url":"https:\/\/rqh.be\/","name":"Accueil - R\u00e9gie des quartiers de Herstal","isPartOf":{"@id":"https:\/\/rqh.be\/#website"},"datePublished":"2018-07-20T08:59:28+00:00","dateModified":"2026-03-12T13:30:24+00:00","breadcrumb":{"@id":"https:\/\/rqh.be\/#breadcrumb"},"inLanguage":"fr-FR","potentialAction":[{"@type":"ReadAction","target":["https:\/\/rqh.be\/"]}]},{"@type":"BreadcrumbList","@id":"https:\/\/rqh.be\/#breadcrumb","itemListElement":[{"@type":"ListItem","position":1,"name":"Accueil","item":"https:\/\/rqh.be\/"},{"@type":"ListItem","position":2,"name":"Accueil"}]},{"@type":"WebSite","@id":"https:\/\/rqh.be\/#website","url":"https:\/\/rqh.be\/","name":"R\u00e9gie des quartiers de Herstal","description":"Plus proches de vous","potentialAction":[{"@type":"SearchAction","target":{"@type":"EntryPoint","urlTemplate":"https:\/\/rqh.be\/?s={search_term_string}"},"query-input":{"@type":"PropertyValueSpecification","valueRequired":true,"valueName":"search_term_string"}}],"inLanguage":"fr-FR"}]}},"_links":{"self":[{"href":"https:\/\/rqh.be\/index.php\/wp-json\/wp\/v2\/pages\/5","targetHints":{"allow":["GET"]}}],"collection":[{"href":"https:\/\/rqh.be\/index.php\/wp-json\/wp\/v2\/pages"}],"about":[{"href":"https:\/\/rqh.be\/index.php\/wp-json\/wp\/v2\/types\/page"}],"author":[{"embeddable":true,"href":"https:\/\/rqh.be\/index.php\/wp-json\/wp\/v2\/users\/1"}],"replies":[{"embeddable":true,"href":"https:\/\/rqh.be\/index.php\/wp-json\/wp\/v2\/comments?post=5"}],"version-history":[{"count":80,"href":"https:\/\/rqh.be\/index.php\/wp-json\/wp\/v2\/pages\/5\/revisions"}],"predecessor-version":[{"id":703,"href":"https:\/\/rqh.be\/index.php\/wp-json\/wp\/v2\/pages\/5\/revisions\/703"}],"wp:attachment":[{"href":"https:\/\/rqh.be\/index.php\/wp-json\/wp\/v2\/media?parent=5"}],"curies":[{"name":"wp","href":"https:\/\/api.w.org\/{rel}","templated":true}]}}