{"id":7,"date":"2018-07-20T11:00:50","date_gmt":"2018-07-20T09:00:50","guid":{"rendered":"http:\/\/rqh.be\/?page_id=7"},"modified":"2019-08-23T12:26:45","modified_gmt":"2019-08-23T10:26:45","slug":"nos-formations","status":"publish","type":"page","link":"https:\/\/rqh.be\/index.php\/nos-formations\/","title":{"rendered":"Nos formations"},"content":{"rendered":"\t\t<div data-elementor-type=\"wp-post\" data-elementor-id=\"7\" class=\"elementor elementor-7\">\n\t\t\t\t\t\t<section class=\"elementor-section elementor-top-section elementor-element elementor-element-b9de4ad elementor-section-boxed elementor-section-height-default elementor-section-height-default\" data-id=\"b9de4ad\" data-element_type=\"section\">\n\t\t\t\t\t\t<div class=\"elementor-container elementor-column-gap-default\">\n\t\t\t\t\t<div class=\"elementor-column elementor-col-25 elementor-top-column elementor-element elementor-element-2160ca9\" data-id=\"2160ca9\" data-element_type=\"column\">\n\t\t\t<div class=\"elementor-widget-wrap elementor-element-populated\">\n\t\t\t\t\t\t<div class=\"elementor-element elementor-element-586ea87 elementor-align-justify bouton_rqh elementor-invisible elementor-widget elementor-widget-button\" data-id=\"586ea87\" data-element_type=\"widget\" data-settings=\"{&quot;_animation&quot;:&quot;fadeInDown&quot;}\" data-widget_type=\"button.default\">\n\t\t\t\t<div class=\"elementor-widget-container\">\n\t\t\t\t\t\t\t\t\t<div class=\"elementor-button-wrapper\">\n\t\t\t\t\t<a class=\"elementor-button elementor-button-link elementor-size-xs\" href=\"http:\/\/rqh.be\/index.php\/batiment\/\">\n\t\t\t\t\t\t<span class=\"elementor-button-content-wrapper\">\n\t\t\t\t\t\t\t\t\t<span class=\"elementor-button-text\">B\u00c2TIMENT<\/span>\n\t\t\t\t\t<\/span>\n\t\t\t\t\t<\/a>\n\t\t\t\t<\/div>\n\t\t\t\t\t\t\t\t<\/div>\n\t\t\t\t<\/div>\n\t\t\t\t\t<\/div>\n\t\t<\/div>\n\t\t\t\t<div class=\"elementor-column elementor-col-25 elementor-top-column elementor-element elementor-element-3d8b714\" data-id=\"3d8b714\" data-element_type=\"column\">\n\t\t\t<div class=\"elementor-widget-wrap elementor-element-populated\">\n\t\t\t\t\t\t<div class=\"elementor-element elementor-element-f0b5013 elementor-align-justify bouton_rqh elementor-invisible elementor-widget elementor-widget-button\" data-id=\"f0b5013\" data-element_type=\"widget\" data-settings=\"{&quot;_animation&quot;:&quot;fadeInDown&quot;}\" data-widget_type=\"button.default\">\n\t\t\t\t<div class=\"elementor-widget-container\">\n\t\t\t\t\t\t\t\t\t<div class=\"elementor-button-wrapper\">\n\t\t\t\t\t<a class=\"elementor-button elementor-button-link elementor-size-xs\" href=\"http:\/\/rqh.be\/index.php\/francais-langue-etrangere\/\">\n\t\t\t\t\t\t<span class=\"elementor-button-content-wrapper\">\n\t\t\t\t\t\t\t\t\t<span class=\"elementor-button-text\">FRAN\u00c7AIS LANGUE \u00c9TRANG\u00c8RE<\/span>\n\t\t\t\t\t<\/span>\n\t\t\t\t\t<\/a>\n\t\t\t\t<\/div>\n\t\t\t\t\t\t\t\t<\/div>\n\t\t\t\t<\/div>\n\t\t\t\t\t<\/div>\n\t\t<\/div>\n\t\t\t\t<div class=\"elementor-column elementor-col-25 elementor-top-column elementor-element elementor-element-5336025\" data-id=\"5336025\" data-element_type=\"column\">\n\t\t\t<div class=\"elementor-widget-wrap elementor-element-populated\">\n\t\t\t\t\t\t<div class=\"elementor-element elementor-element-d29d451 elementor-align-justify bouton_rqh elementor-invisible elementor-widget elementor-widget-button\" data-id=\"d29d451\" data-element_type=\"widget\" data-settings=\"{&quot;_animation&quot;:&quot;fadeInDown&quot;}\" data-widget_type=\"button.default\">\n\t\t\t\t<div class=\"elementor-widget-container\">\n\t\t\t\t\t\t\t\t\t<div class=\"elementor-button-wrapper\">\n\t\t\t\t\t<a class=\"elementor-button elementor-button-link elementor-size-xs\" href=\"http:\/\/rqh.be\/index.php\/ouvrier-polyvalent\/\">\n\t\t\t\t\t\t<span class=\"elementor-button-content-wrapper\">\n\t\t\t\t\t\t\t\t\t<span class=\"elementor-button-text\">ENTRETIEN D'ESPACES VERTS ET MARA\u00ceCHAGE<\/span>\n\t\t\t\t\t<\/span>\n\t\t\t\t\t<\/a>\n\t\t\t\t<\/div>\n\t\t\t\t\t\t\t\t<\/div>\n\t\t\t\t<\/div>\n\t\t\t\t\t<\/div>\n\t\t<\/div>\n\t\t\t\t<div class=\"elementor-column elementor-col-25 elementor-top-column elementor-element elementor-element-bbdeec9\" data-id=\"bbdeec9\" data-element_type=\"column\">\n\t\t\t<div class=\"elementor-widget-wrap elementor-element-populated\">\n\t\t\t\t\t\t<div class=\"elementor-element elementor-element-4c8d0fe elementor-align-justify bouton_rqh elementor-invisible elementor-widget elementor-widget-button\" data-id=\"4c8d0fe\" data-element_type=\"widget\" data-settings=\"{&quot;_animation&quot;:&quot;fadeInDown&quot;}\" data-widget_type=\"button.default\">\n\t\t\t\t<div class=\"elementor-widget-container\">\n\t\t\t\t\t\t\t\t\t<div class=\"elementor-button-wrapper\">\n\t\t\t\t\t<a class=\"elementor-button elementor-button-link elementor-size-xs\" href=\"http:\/\/rqh.be\/index.php\/nettoyage-et-menage\/\">\n\t\t\t\t\t\t<span class=\"elementor-button-content-wrapper\">\n\t\t\t\t\t\t\t\t\t<span class=\"elementor-button-text\">NETTOYAGE ET M\u00c9NAGE<\/span>\n\t\t\t\t\t<\/span>\n\t\t\t\t\t<\/a>\n\t\t\t\t<\/div>\n\t\t\t\t\t\t\t\t<\/div>\n\t\t\t\t<\/div>\n\t\t\t\t\t<\/div>\n\t\t<\/div>\n\t\t\t\t\t<\/div>\n\t\t<\/section>\n\t\t\t\t<section class=\"elementor-section elementor-top-section elementor-element elementor-element-dc3d2ab elementor-section-stretched elementor-section-full_width elementor-section-height-default elementor-section-height-default\" data-id=\"dc3d2ab\" data-element_type=\"section\" data-settings=\"{&quot;stretch_section&quot;:&quot;section-stretched&quot;}\">\n\t\t\t\t\t\t<div class=\"elementor-container elementor-column-gap-default\">\n\t\t\t\t\t<div class=\"elementor-column elementor-col-100 elementor-top-column elementor-element elementor-element-f48a0a9\" data-id=\"f48a0a9\" data-element_type=\"column\">\n\t\t\t<div class=\"elementor-widget-wrap\">\n\t\t\t\t\t\t\t<\/div>\n\t\t<\/div>\n\t\t\t\t\t<\/div>\n\t\t<\/section>\n\t\t\t\t<\/div>\n\t\t","protected":false},"excerpt":{"rendered":"<p>B\u00c2TIMENT FRAN\u00c7AIS LANGUE \u00c9TRANG\u00c8RE ENTRETIEN D&rsquo;ESPACES VERTS ET MARA\u00ceCHAGE NETTOYAGE ET M\u00c9NAGE<\/p>\n","protected":false},"author":1,"featured_media":0,"parent":0,"menu_order":0,"comment_status":"closed","ping_status":"closed","template":"","meta":{"footnotes":""},"class_list":["post-7","page","type-page","status-publish","hentry"],"yoast_head":"<!-- This site is optimized with the Yoast SEO plugin v24.5 - https:\/\/yoast.com\/wordpress\/plugins\/seo\/ -->\n<title>Nos formations - R\u00e9gie des quartiers de Herstal<\/title>\n<meta name=\"robots\" content=\"index, follow, max-snippet:-1, max-image-preview:large, max-video-preview:-1\" \/>\n<link rel=\"canonical\" href=\"https:\/\/rqh.be\/index.php\/nos-formations\/\" \/>\n<meta property=\"og:locale\" content=\"fr_FR\" \/>\n<meta property=\"og:type\" content=\"article\" \/>\n<meta property=\"og:title\" content=\"Nos formations - R\u00e9gie des quartiers de Herstal\" \/>\n<meta property=\"og:description\" content=\"B\u00c2TIMENT FRAN\u00c7AIS LANGUE \u00c9TRANG\u00c8RE ENTRETIEN D&rsquo;ESPACES VERTS ET MARA\u00ceCHAGE NETTOYAGE ET M\u00c9NAGE\" \/>\n<meta property=\"og:url\" content=\"https:\/\/rqh.be\/index.php\/nos-formations\/\" \/>\n<meta property=\"og:site_name\" content=\"R\u00e9gie des quartiers de Herstal\" \/>\n<meta property=\"article:modified_time\" content=\"2019-08-23T10:26:45+00:00\" \/>\n<meta name=\"twitter:card\" content=\"summary_large_image\" \/>\n<script type=\"application\/ld+json\" class=\"yoast-schema-graph\">{\"@context\":\"https:\/\/schema.org\",\"@graph\":[{\"@type\":\"WebPage\",\"@id\":\"https:\/\/rqh.be\/index.php\/nos-formations\/\",\"url\":\"https:\/\/rqh.be\/index.php\/nos-formations\/\",\"name\":\"Nos formations - R\u00e9gie des quartiers de Herstal\",\"isPartOf\":{\"@id\":\"https:\/\/rqh.be\/#website\"},\"datePublished\":\"2018-07-20T09:00:50+00:00\",\"dateModified\":\"2019-08-23T10:26:45+00:00\",\"breadcrumb\":{\"@id\":\"https:\/\/rqh.be\/index.php\/nos-formations\/#breadcrumb\"},\"inLanguage\":\"fr-FR\",\"potentialAction\":[{\"@type\":\"ReadAction\",\"target\":[\"https:\/\/rqh.be\/index.php\/nos-formations\/\"]}]},{\"@type\":\"BreadcrumbList\",\"@id\":\"https:\/\/rqh.be\/index.php\/nos-formations\/#breadcrumb\",\"itemListElement\":[{\"@type\":\"ListItem\",\"position\":1,\"name\":\"Accueil\",\"item\":\"https:\/\/rqh.be\/\"},{\"@type\":\"ListItem\",\"position\":2,\"name\":\"Nos formations\"}]},{\"@type\":\"WebSite\",\"@id\":\"https:\/\/rqh.be\/#website\",\"url\":\"https:\/\/rqh.be\/\",\"name\":\"R\u00e9gie des quartiers de Herstal\",\"description\":\"Plus proches de vous\",\"potentialAction\":[{\"@type\":\"SearchAction\",\"target\":{\"@type\":\"EntryPoint\",\"urlTemplate\":\"https:\/\/rqh.be\/?s={search_term_string}\"},\"query-input\":{\"@type\":\"PropertyValueSpecification\",\"valueRequired\":true,\"valueName\":\"search_term_string\"}}],\"inLanguage\":\"fr-FR\"}]}<\/script>\n<!-- \/ Yoast SEO plugin. -->","yoast_head_json":{"title":"Nos formations - R\u00e9gie des quartiers de Herstal","robots":{"index":"index","follow":"follow","max-snippet":"max-snippet:-1","max-image-preview":"max-image-preview:large","max-video-preview":"max-video-preview:-1"},"canonical":"https:\/\/rqh.be\/index.php\/nos-formations\/","og_locale":"fr_FR","og_type":"article","og_title":"Nos formations - R\u00e9gie des quartiers de Herstal","og_description":"B\u00c2TIMENT FRAN\u00c7AIS LANGUE \u00c9TRANG\u00c8RE ENTRETIEN D&rsquo;ESPACES VERTS ET MARA\u00ceCHAGE NETTOYAGE ET M\u00c9NAGE","og_url":"https:\/\/rqh.be\/index.php\/nos-formations\/","og_site_name":"R\u00e9gie des quartiers de Herstal","article_modified_time":"2019-08-23T10:26:45+00:00","twitter_card":"summary_large_image","schema":{"@context":"https:\/\/schema.org","@graph":[{"@type":"WebPage","@id":"https:\/\/rqh.be\/index.php\/nos-formations\/","url":"https:\/\/rqh.be\/index.php\/nos-formations\/","name":"Nos formations - R\u00e9gie des quartiers de Herstal","isPartOf":{"@id":"https:\/\/rqh.be\/#website"},"datePublished":"2018-07-20T09:00:50+00:00","dateModified":"2019-08-23T10:26:45+00:00","breadcrumb":{"@id":"https:\/\/rqh.be\/index.php\/nos-formations\/#breadcrumb"},"inLanguage":"fr-FR","potentialAction":[{"@type":"ReadAction","target":["https:\/\/rqh.be\/index.php\/nos-formations\/"]}]},{"@type":"BreadcrumbList","@id":"https:\/\/rqh.be\/index.php\/nos-formations\/#breadcrumb","itemListElement":[{"@type":"ListItem","position":1,"name":"Accueil","item":"https:\/\/rqh.be\/"},{"@type":"ListItem","position":2,"name":"Nos formations"}]},{"@type":"WebSite","@id":"https:\/\/rqh.be\/#website","url":"https:\/\/rqh.be\/","name":"R\u00e9gie des quartiers de Herstal","description":"Plus proches de vous","potentialAction":[{"@type":"SearchAction","target":{"@type":"EntryPoint","urlTemplate":"https:\/\/rqh.be\/?s={search_term_string}"},"query-input":{"@type":"PropertyValueSpecification","valueRequired":true,"valueName":"search_term_string"}}],"inLanguage":"fr-FR"}]}},"_links":{"self":[{"href":"https:\/\/rqh.be\/index.php\/wp-json\/wp\/v2\/pages\/7","targetHints":{"allow":["GET"]}}],"collection":[{"href":"https:\/\/rqh.be\/index.php\/wp-json\/wp\/v2\/pages"}],"about":[{"href":"https:\/\/rqh.be\/index.php\/wp-json\/wp\/v2\/types\/page"}],"author":[{"embeddable":true,"href":"https:\/\/rqh.be\/index.php\/wp-json\/wp\/v2\/users\/1"}],"replies":[{"embeddable":true,"href":"https:\/\/rqh.be\/index.php\/wp-json\/wp\/v2\/comments?post=7"}],"version-history":[{"count":20,"href":"https:\/\/rqh.be\/index.php\/wp-json\/wp\/v2\/pages\/7\/revisions"}],"predecessor-version":[{"id":444,"href":"https:\/\/rqh.be\/index.php\/wp-json\/wp\/v2\/pages\/7\/revisions\/444"}],"wp:attachment":[{"href":"https:\/\/rqh.be\/index.php\/wp-json\/wp\/v2\/media?parent=7"}],"curies":[{"name":"wp","href":"https:\/\/api.w.org\/{rel}","templated":true}]}}